{"id":1461,"date":"2022-01-21T13:22:20","date_gmt":"2022-01-21T13:22:20","guid":{"rendered":"https:\/\/opg-hazic.com\/about-us\/"},"modified":"2022-01-21T13:30:48","modified_gmt":"2022-01-21T13:30:48","slug":"about-us","status":"publish","type":"page","link":"https:\/\/opg-hazic.com\/en\/about-us\/","title":{"rendered":"About us"},"content":{"rendered":"<p>[vc_row full_width=&#8221;stretch_row&#8221; css=&#8221;.vc_custom_1642599968430{padding-top: 230px !important;padding-bottom: 230px !important;background-image: url(https:\/\/opg-hazic.com\/wp-content\/uploads\/2022\/01\/onama-bg.jpg?id=1011) !important;background-position: center !important;background-repeat: no-repeat !important;background-size: cover !important;}&#8221;][vc_column][vc_row_inner][vc_column_inner width=&#8221;1\/2&#8243;][vc_empty_space height=&#8221;5px&#8221;][\/vc_column_inner][vc_column_inner width=&#8221;1\/2&#8243;][vc_column_text]<\/p>\n<h2><span style=\"color: #ffffff;\">From an apple and grape vine<\/span><br \/>\n<span style=\"color: #ffffff;\">to the business of one&#8217;s life<\/span><\/h2>\n<p>[\/vc_column_text][\/vc_column_inner][\/vc_row_inner][\/vc_column][\/vc_row][vc_row][vc_column]<div class=\"konte-empty-space \" aria-hidden=\"true\"><div class=\"konte-empty-space__xs visible-xs\" style=\"height:60px\"><\/div><div class=\"konte-empty-space__sm visible-sm\" style=\"height:100px\"><\/div><div class=\"konte-empty-space__md visible-md\" style=\"height:100px\"><\/div><div class=\"konte-empty-space__lg visible-lg\" style=\"height:100px\"><\/div><\/div>[vc_custom_heading text=&#8221;Izleti\u0161te Vinska ku\u0107a Ha\u017ei\u0107&#8221; use_theme_fonts=&#8221;yes&#8221; css_animation=&#8221;fadeIn&#8221;][vc_empty_space height=&#8221;30px&#8221; el_class=&#8221;hidden-xs hidden-sm&#8221;][vc_row_inner][vc_column_inner width=&#8221;1\/6&#8243;][vc_empty_space height=&#8221;5px&#8221;][\/vc_column_inner][vc_column_inner width=&#8221;2\/3&#8243;][vc_column_text]In the heart of Me\u0111imurje hills, precisely 30 years ago, there commenced a story which has been offering each wine lover, tourist, nature lover and those appreciating intact Me\u0111imurje hills a new, so far undetected, experiece. The story is about us &#8211; the Ha\u017ei\u0107 family. \u2026. We love lyrics, but in reality we chase a hoe. We work hard in the vineyard and orchard, we grow high-quality grapes and apples in order to produce top quality wine and juice. As we cannot drink everything by ourselves, we organise tasting events in our wine house, we bake various types of strudles and scones, cut meat \u201ez tiblice\u201c (from a wooden barrel). We wash barrels, fill up bottles, our wines regularly win prices in competitions, which all brings us to the fact that the cellar is our second home. Four apple varieties are kept in cold-storage, processing plant seems to work by itself and produces apple chips as well as various sorts of natural juice. We ride bicycles and drive a tractor, and we may drive all the way to Zagreb for a delivery. We love good music, so jazz and rock sometimes resonate across the terrace. As it is natural for a wine grower to keep fit regularly up and down the hills, we also organise vineyard races. We love nature and animals as things are better in nature and with a glass of wine. Life is good and we indulge it. Join us. We are located in Me\u0111imurje. On a hill.[\/vc_column_text][\/vc_column_inner][vc_column_inner width=&#8221;1\/6&#8243;][\/vc_column_inner][\/vc_row_inner]<div class=\"konte-empty-space \" aria-hidden=\"true\"><div class=\"konte-empty-space__xs visible-xs\" style=\"height:60px\"><\/div><div class=\"konte-empty-space__sm visible-sm\" style=\"height:100px\"><\/div><div class=\"konte-empty-space__md visible-md\" style=\"height:100px\"><\/div><div class=\"konte-empty-space__lg visible-lg\" style=\"height:100px\"><\/div><\/div>[\/vc_column][\/vc_row][vc_row][vc_column width=&#8221;2\/3&#8243;][vc_single_image image=&#8221;1017&#8243; img_size=&#8221;full&#8221; alignment=&#8221;right&#8221; css_animation=&#8221;slideInLeft&#8221;][\/vc_column][vc_column width=&#8221;1\/3&#8243;][vc_single_image image=&#8221;1020&#8243; img_size=&#8221;full&#8221; css_animation=&#8221;slideInRight&#8221; css=&#8221;.vc_custom_1642599779645{padding-top: 30px !important;}&#8221;][\/vc_column][\/vc_row][vc_row][vc_column width=&#8221;1\/2&#8243;][vc_single_image image=&#8221;1023&#8243; img_size=&#8221;full&#8221; alignment=&#8221;right&#8221; css_animation=&#8221;slideInUp&#8221;][\/vc_column][vc_column width=&#8221;1\/2&#8243;][vc_single_image image=&#8221;1026&#8243; img_size=&#8221;full&#8221; css_animation=&#8221;slideInDown&#8221;][\/vc_column][\/vc_row][vc_row][vc_column]<div class=\"konte-empty-space \" aria-hidden=\"true\"><div class=\"konte-empty-space__xs visible-xs\" style=\"height:45px\"><\/div><div class=\"konte-empty-space__sm visible-sm\" style=\"height:75px\"><\/div><div class=\"konte-empty-space__md visible-md\" style=\"height:75px\"><\/div><div class=\"konte-empty-space__lg visible-lg\" style=\"height:75px\"><\/div><\/div>[vc_row_inner][vc_column_inner width=&#8221;1\/3&#8243;][vc_empty_space][vc_separator border_width=&#8221;2&#8243; el_width=&#8221;60&#8243; css_animation=&#8221;fadeIn&#8221;][\/vc_column_inner][vc_column_inner width=&#8221;1\/3&#8243;][vc_custom_heading text=&#8221;What we do&#8221; font_container=&#8221;tag:h2|text_align:center|color:%23000000&#8243; use_theme_fonts=&#8221;yes&#8221; css_animation=&#8221;fadeIn&#8221;][\/vc_column_inner][vc_column_inner width=&#8221;1\/3&#8243;][vc_empty_space][vc_separator border_width=&#8221;2&#8243; el_width=&#8221;60&#8243; css_animation=&#8221;fadeIn&#8221;][\/vc_column_inner][\/vc_row_inner]<div class=\"konte-empty-space \" aria-hidden=\"true\"><div class=\"konte-empty-space__xs visible-xs\" style=\"height:45px\"><\/div><div class=\"konte-empty-space__sm visible-sm\" style=\"height:75px\"><\/div><div class=\"konte-empty-space__md visible-md\" style=\"height:75px\"><\/div><div class=\"konte-empty-space__lg visible-lg\" style=\"height:75px\"><\/div><\/div>[vc_row_inner][vc_column_inner width=&#8221;1\/4&#8243;][vc_single_image image=&#8221;794&#8243; img_size=&#8221;full&#8221; alignment=&#8221;center&#8221; css_animation=&#8221;none&#8221;][vc_column_text]<\/p>\n<h4 style=\"text-align: center;\">Viticulture and winemaking<\/h4>\n<p style=\"text-align: center;\"><a href=\"https:\/\/opg-hazic.com\/en\/winemaking-and-viticulture\/\">FIND OUT MORE<\/a><\/p>\n<p>[\/vc_column_text][\/vc_column_inner][vc_column_inner width=&#8221;1\/4&#8243;][vc_single_image image=&#8221;797&#8243; img_size=&#8221;full&#8221; alignment=&#8221;center&#8221; css_animation=&#8221;none&#8221;][vc_column_text]<\/p>\n<h4 style=\"text-align: center;\">Fruit growing<\/h4>\n<p style=\"text-align: center;\"><a href=\"https:\/\/opg-hazic.com\/en\/fruit-growing\/\">FIND OUT MORE<\/a><\/p>\n<p>[\/vc_column_text][\/vc_column_inner][vc_column_inner width=&#8221;1\/4&#8243;][vc_single_image image=&#8221;788&#8243; img_size=&#8221;full&#8221; alignment=&#8221;center&#8221; css_animation=&#8221;none&#8221;][vc_column_text]<\/p>\n<h4 style=\"text-align: center;\">Wine camp<\/h4>\n<p style=\"text-align: center;\"><a href=\"https:\/\/opg-hazic.com\/en\/wine-camp\/\">FIND OUT MORE<\/a><\/p>\n<p>[\/vc_column_text][\/vc_column_inner][vc_column_inner width=&#8221;1\/4&#8243;][vc_single_image image=&#8221;791&#8243; img_size=&#8221;full&#8221; alignment=&#8221;center&#8221; css_animation=&#8221;none&#8221;][vc_column_text]<\/p>\n<h4 style=\"text-align: center;\">Wine house<\/h4>\n<p style=\"text-align: center;\"><a href=\"https:\/\/opg-hazic.com\/en\/wine-house\/\">FIND OUT MORE<\/a><\/p>\n<p>[\/vc_column_text][\/vc_column_inner][\/vc_row_inner]<div class=\"konte-empty-space \" aria-hidden=\"true\"><div class=\"konte-empty-space__xs visible-xs\" style=\"height:45px\"><\/div><div class=\"konte-empty-space__sm visible-sm\" style=\"height:75px\"><\/div><div class=\"konte-empty-space__md visible-md\" style=\"height:75px\"><\/div><div class=\"konte-empty-space__lg visible-lg\" style=\"height:75px\"><\/div><\/div>[\/vc_column][\/vc_row][vc_row full_width=&#8221;stretch_row_content_no_spaces&#8221;][vc_column offset=&#8221;vc_hidden-xs&#8221;][vc_column_text]<\/p>\n<h2 style=\"text-align: center;\">Follow us on Instagram<\/h2>\n<p style=\"text-align: center;\">[instagram-feed]<\/p>\n<p>[\/vc_column_text][\/vc_column][\/vc_row][vc_row][vc_column][vc_separator][vc_empty_space height=&#8221;30px&#8221;][vc_row_inner][vc_column_inner width=&#8221;1\/4&#8243;][vc_single_image image=&#8221;940&#8243; img_size=&#8221;full&#8221; alignment=&#8221;center&#8221; css_animation=&#8221;none&#8221;][\/vc_column_inner][vc_column_inner width=&#8221;1\/4&#8243;][vc_single_image image=&#8221;946&#8243; img_size=&#8221;full&#8221; alignment=&#8221;center&#8221; css_animation=&#8221;none&#8221;][\/vc_column_inner][vc_column_inner width=&#8221;1\/4&#8243;][vc_single_image image=&#8221;943&#8243; img_size=&#8221;full&#8221; alignment=&#8221;center&#8221; css_animation=&#8221;none&#8221;][\/vc_column_inner][vc_column_inner width=&#8221;1\/4&#8243;][vc_single_image image=&#8221;937&#8243; img_size=&#8221;full&#8221; alignment=&#8221;center&#8221; css_animation=&#8221;none&#8221;][\/vc_column_inner][\/vc_row_inner][\/vc_column][\/vc_row]<\/p>\n","protected":false},"excerpt":{"rendered":"<p>[vc_row full_width=&#8221;stretch_row&#8221; css=&#8221;.vc_custom_1642599968430{padding-top: 230px !important;padding-bottom: 230px !important;background-image: url(https:\/\/opg-hazic.com\/wp-content\/uploads\/2022\/01\/onama-bg.jpg?id=1011) !important;background-position: center !important;background-repeat: no-repeat !important;background-size: cover !important;}&#8221;][vc_column][vc_row_inner][vc_column_inner width=&#8221;1\/2&#8243;][vc_empty_space height=&#8221;5px&#8221;][\/vc_column_inner][vc_column_inner width=&#8221;1\/2&#8243;][vc_column_text] From an apple and grape vine to the business of one&#8217;s life&hellip;<\/p>\n","protected":false},"author":3,"featured_media":0,"parent":0,"menu_order":0,"comment_status":"closed","ping_status":"closed","template":"","meta":{"footnotes":""},"_links":{"self":[{"href":"https:\/\/opg-hazic.com\/en\/wp-json\/wp\/v2\/pages\/1461"}],"collection":[{"href":"https:\/\/opg-hazic.com\/en\/wp-json\/wp\/v2\/pages"}],"about":[{"href":"https:\/\/opg-hazic.com\/en\/wp-json\/wp\/v2\/types\/page"}],"author":[{"embeddable":true,"href":"https:\/\/opg-hazic.com\/en\/wp-json\/wp\/v2\/users\/3"}],"replies":[{"embeddable":true,"href":"https:\/\/opg-hazic.com\/en\/wp-json\/wp\/v2\/comments?post=1461"}],"version-history":[{"count":3,"href":"https:\/\/opg-hazic.com\/en\/wp-json\/wp\/v2\/pages\/1461\/revisions"}],"predecessor-version":[{"id":1464,"href":"https:\/\/opg-hazic.com\/en\/wp-json\/wp\/v2\/pages\/1461\/revisions\/1464"}],"wp:attachment":[{"href":"https:\/\/opg-hazic.com\/en\/wp-json\/wp\/v2\/media?parent=1461"}],"curies":[{"name":"wp","href":"https:\/\/api.w.org\/{rel}","templated":true}]}}