{"id":1455,"date":"2022-01-21T13:15:47","date_gmt":"2022-01-21T13:15:47","guid":{"rendered":"https:\/\/opg-hazic.com\/winemaking-and-viticulture\/"},"modified":"2022-09-12T08:44:07","modified_gmt":"2022-09-12T08:44:07","slug":"winemaking-and-viticulture","status":"publish","type":"page","link":"https:\/\/opg-hazic.com\/en\/winemaking-and-viticulture\/","title":{"rendered":"Winemaking and viticulture"},"content":{"rendered":"<p>[vc_row css=&#8221;.vc_custom_1642670757482{margin-top: 0px !important;padding-top: 0px !important;}&#8221;][vc_column][vc_column_text]<\/p>\n<h2>Winemaking and viticulture<\/h2>\n<p>Our story came into being more than 30 years ago. Taking into consideration precious natural conditions and surrounding in which we have been living, it didn&#8217;t take us long to plant the first grape vine. Slowly but surely, we have succeeded in creating the place where everyone feels good. Our wines are produce of healthily grown grapes and hand-picking. They have been produced exclusively from the grapes we produce on our own. From picking to cellar treating, we respect every berry of grape and we respect each drop of juice. We appreciate the land that feeds our vine and we take care of it following the best ecological standards. We pass on our love and passion towards the business to our loyal customers, our business partners, friends and fellow humans. In wine production, we use sources of natural basis, therefore the wine is \u201cvegan friendly.\u201c You can taste a variety of wines in our Wine House and Wine Camp \u2013 Sauvignon blanc, Pu\u0161ipel, Traminac mirisavi (fragnant) and Gra\u0161evina classic or premium as well as our first sparkling wine \u201cProtagonist Toni.\u201c Viticulture and winemaking represents our love. Owing to our care for the product(s) and the fact that we prioritise quality over quantity, we were extensively rewarded many times \u2013 prizes and certificate prove it.[\/vc_column_text][\/vc_column][\/vc_row][vc_row][vc_column width=&#8221;1\/3&#8243;][vc_single_image image=&#8221;1125&#8243; img_size=&#8221;full&#8221; alignment=&#8221;right&#8221; css_animation=&#8221;slideInLeft&#8221;][\/vc_column][vc_column width=&#8221;2\/3&#8243;][vc_single_image image=&#8221;1122&#8243; img_size=&#8221;full&#8221; css_animation=&#8221;slideInRight&#8221; css=&#8221;.vc_custom_1642672020051{padding-top: 30px !important;}&#8221;][\/vc_column][\/vc_row][vc_row][vc_column width=&#8221;1\/2&#8243;][vc_single_image image=&#8221;1128&#8243; img_size=&#8221;full&#8221; alignment=&#8221;right&#8221; css_animation=&#8221;slideInUp&#8221;][\/vc_column][vc_column width=&#8221;1\/2&#8243;][vc_single_image image=&#8221;1131&#8243; img_size=&#8221;full&#8221; css_animation=&#8221;slideInDown&#8221;][\/vc_column][\/vc_row][vc_row][vc_column width=&#8221;1\/2&#8243;][vc_single_image image=&#8221;1134&#8243; img_size=&#8221;full&#8221; alignment=&#8221;right&#8221; css_animation=&#8221;slideInUp&#8221;][\/vc_column][vc_column width=&#8221;1\/2&#8243;][vc_single_image image=&#8221;1137&#8243; img_size=&#8221;full&#8221; css_animation=&#8221;slideInDown&#8221;][\/vc_column][\/vc_row][vc_row][vc_column][vc_single_image image=&#8221;2214&#8243; img_size=&#8221;full&#8221; alignment=&#8221;center&#8221; css_animation=&#8221;slideInUp&#8221;][\/vc_column][\/vc_row]<\/p>\n","protected":false},"excerpt":{"rendered":"<p>The story of the Ha\u017ei\u0107 family begins more than 30 years ago when Biserka and Radenko Ha\u017ei\u0107 decided to plant the first fruit tree.<\/p>\n","protected":false},"author":1,"featured_media":1757,"parent":0,"menu_order":0,"comment_status":"closed","ping_status":"closed","template":"","meta":{"footnotes":""},"_links":{"self":[{"href":"https:\/\/opg-hazic.com\/en\/wp-json\/wp\/v2\/pages\/1455"}],"collection":[{"href":"https:\/\/opg-hazic.com\/en\/wp-json\/wp\/v2\/pages"}],"about":[{"href":"https:\/\/opg-hazic.com\/en\/wp-json\/wp\/v2\/types\/page"}],"author":[{"embeddable":true,"href":"https:\/\/opg-hazic.com\/en\/wp-json\/wp\/v2\/users\/1"}],"replies":[{"embeddable":true,"href":"https:\/\/opg-hazic.com\/en\/wp-json\/wp\/v2\/comments?post=1455"}],"version-history":[{"count":3,"href":"https:\/\/opg-hazic.com\/en\/wp-json\/wp\/v2\/pages\/1455\/revisions"}],"predecessor-version":[{"id":2217,"href":"https:\/\/opg-hazic.com\/en\/wp-json\/wp\/v2\/pages\/1455\/revisions\/2217"}],"wp:featuredmedia":[{"embeddable":true,"href":"https:\/\/opg-hazic.com\/en\/wp-json\/wp\/v2\/media\/1757"}],"wp:attachment":[{"href":"https:\/\/opg-hazic.com\/en\/wp-json\/wp\/v2\/media?parent=1455"}],"curies":[{"name":"wp","href":"https:\/\/api.w.org\/{rel}","templated":true}]}}