{"id":1448,"date":"2022-01-21T13:13:10","date_gmt":"2022-01-21T13:13:10","guid":{"rendered":"https:\/\/opg-hazic.com\/wine-house\/"},"modified":"2022-09-12T08:40:13","modified_gmt":"2022-09-12T08:40:13","slug":"wine-house","status":"publish","type":"page","link":"https:\/\/opg-hazic.com\/en\/wine-house\/","title":{"rendered":"Wine house"},"content":{"rendered":"<p>[vc_row][vc_column][vc_column_text]<\/p>\n<h2>Wine house Ha\u017ei\u0107<\/h2>\n<p>Great fun and unforgettable tastes have been connecting many for thousands of years. With your family or friends, business partners or acquaintances, it&#8217;s up to you! In any case, you cannot make a mistake as we are offering to you the place where you are going to feel like home. Taste apple chips, perfectly crunchy and delicious as everyone yearns for it, especially the youngest ones. Besides that, you may want to taste home-made cold cuts, which will bring you closer to traditional tastes of \u201cpast times\u201c \u2013 meso z tiblice (meat from a wooden barrel), doma\u010de slanine (homemade bacon spread) and doma\u0107i kruh z \u010drnim oljem(home-made bread with black oil). Tasting events are organised in Croatian, German and English language.<\/p>\n<p>The rustic surrounding and ambience of our Wine House may host up to 50 people in the house and 30 people on the terrace. We have an individual approach to each visitor or a group of visitors. Whether you want to organise a fast-educational event of tasting wine or food for your business partners, invite beloved ones to a cooking show, or organise a business social meeting, you will not make a mistake. In case you love balanced style of life emphasising healthy living, we are the right place, offering exactly that\u2013 the indulgence \u201cme\u0111 goricama\u201c (among hills) in an intact environment and the nature of Me\u0111imurje hills.[\/vc_column_text][\/vc_column][\/vc_row][vc_row][vc_column width=&#8221;1\/3&#8243;][vc_single_image image=&#8221;1181&#8243; img_size=&#8221;full&#8221; alignment=&#8221;right&#8221; css_animation=&#8221;slideInLeft&#8221;][\/vc_column][vc_column width=&#8221;2\/3&#8243;][vc_single_image image=&#8221;1184&#8243; img_size=&#8221;full&#8221; css_animation=&#8221;slideInRight&#8221; css=&#8221;.vc_custom_1642673925813{padding-top: 30px !important;}&#8221;][\/vc_column][\/vc_row][vc_row][vc_column width=&#8221;1\/2&#8243;][vc_single_image image=&#8221;1187&#8243; img_size=&#8221;full&#8221; alignment=&#8221;right&#8221; css_animation=&#8221;slideInUp&#8221;][\/vc_column][vc_column width=&#8221;1\/2&#8243;][vc_single_image image=&#8221;1190&#8243; img_size=&#8221;full&#8221; css_animation=&#8221;slideInDown&#8221;][\/vc_column][\/vc_row][vc_row][vc_column width=&#8221;1\/2&#8243;][vc_single_image image=&#8221;1193&#8243; img_size=&#8221;full&#8221; alignment=&#8221;right&#8221; css_animation=&#8221;slideInUp&#8221;][\/vc_column][vc_column width=&#8221;1\/2&#8243;][vc_single_image image=&#8221;1196&#8243; img_size=&#8221;full&#8221; css_animation=&#8221;slideInDown&#8221;][\/vc_column][\/vc_row][vc_row][vc_column width=&#8221;1\/2&#8243;][vc_single_image image=&#8221;2208&#8243; img_size=&#8221;full&#8221; alignment=&#8221;right&#8221; css_animation=&#8221;slideInUp&#8221;][\/vc_column][vc_column width=&#8221;1\/2&#8243;][vc_single_image image=&#8221;2205&#8243; img_size=&#8221;full&#8221; css_animation=&#8221;slideInDown&#8221;][\/vc_column][\/vc_row][vc_row][vc_column][vc_empty_space height=&#8221;100px&#8221;][vc_video link=&#8221;https:\/\/youtu.be\/j2_PbbRdCX4&#8243;][\/vc_column][\/vc_row][vc_row][vc_column width=&#8221;1\/3&#8243;][vc_single_image image=&#8221;1802&#8243; img_size=&#8221;full&#8221; alignment=&#8221;right&#8221; css_animation=&#8221;slideInLeft&#8221;][\/vc_column][vc_column width=&#8221;2\/3&#8243;][vc_single_image image=&#8221;1806&#8243; img_size=&#8221;full&#8221; css_animation=&#8221;slideInRight&#8221; css=&#8221;.vc_custom_1643880942775{padding-top: 30px !important;}&#8221;][\/vc_column][\/vc_row][vc_row][vc_column width=&#8221;1\/2&#8243;][vc_single_image image=&#8221;1799&#8243; img_size=&#8221;full&#8221; alignment=&#8221;right&#8221; css_animation=&#8221;slideInUp&#8221;][\/vc_column][vc_column width=&#8221;1\/2&#8243;][vc_single_image image=&#8221;1795&#8243; img_size=&#8221;full&#8221; css_animation=&#8221;slideInDown&#8221;][\/vc_column][\/vc_row][vc_row][vc_column][vc_single_image image=&#8221;1792&#8243; img_size=&#8221;full&#8221; alignment=&#8221;center&#8221; css_animation=&#8221;slideInRight&#8221; css=&#8221;.vc_custom_1643880988241{padding-top: 30px !important;}&#8221;][\/vc_column][\/vc_row]<\/p>\n","protected":false},"excerpt":{"rendered":"<p>The story of the Ha\u017ei\u0107 family begins more than 30 years ago when Biserka and Radenko Ha\u017ei\u0107 decided to plant the first fruit tree.<\/p>\n","protected":false},"author":1,"featured_media":1178,"parent":0,"menu_order":0,"comment_status":"closed","ping_status":"closed","template":"","meta":{"footnotes":""},"_links":{"self":[{"href":"https:\/\/opg-hazic.com\/en\/wp-json\/wp\/v2\/pages\/1448"}],"collection":[{"href":"https:\/\/opg-hazic.com\/en\/wp-json\/wp\/v2\/pages"}],"about":[{"href":"https:\/\/opg-hazic.com\/en\/wp-json\/wp\/v2\/types\/page"}],"author":[{"embeddable":true,"href":"https:\/\/opg-hazic.com\/en\/wp-json\/wp\/v2\/users\/1"}],"replies":[{"embeddable":true,"href":"https:\/\/opg-hazic.com\/en\/wp-json\/wp\/v2\/comments?post=1448"}],"version-history":[{"count":7,"href":"https:\/\/opg-hazic.com\/en\/wp-json\/wp\/v2\/pages\/1448\/revisions"}],"predecessor-version":[{"id":2211,"href":"https:\/\/opg-hazic.com\/en\/wp-json\/wp\/v2\/pages\/1448\/revisions\/2211"}],"wp:featuredmedia":[{"embeddable":true,"href":"https:\/\/opg-hazic.com\/en\/wp-json\/wp\/v2\/media\/1178"}],"wp:attachment":[{"href":"https:\/\/opg-hazic.com\/en\/wp-json\/wp\/v2\/media?parent=1448"}],"curies":[{"name":"wp","href":"https:\/\/api.w.org\/{rel}","templated":true}]}}