{"id":1440,"date":"2022-01-21T13:09:19","date_gmt":"2022-01-21T13:09:19","guid":{"rendered":"https:\/\/opg-hazic.com\/wine-camp\/"},"modified":"2022-05-12T07:46:02","modified_gmt":"2022-05-12T07:46:02","slug":"wine-camp","status":"publish","type":"page","link":"https:\/\/opg-hazic.com\/en\/wine-camp\/","title":{"rendered":"Wine camp"},"content":{"rendered":"<p>[vc_row][vc_column][vc_column_text]<\/p>\n<h2>Wine camp<\/h2>\n<p>We are the family that cherishes intimacy with guests. It is embodied in our daily life and it is of great importance to us that our guest, our friend feels it during the stay on our ranch. We are eager to share our creative energy and the love for our business with all those who look for hospitality and bonding as they accept us and everything we offer. One can find tranquility, good rest and body refreshment and a rich variety of local food on our ranch. The greenery of the surrounding landscape in our newly introduced Wine Camp, surrounded by grapevines, linden, chestnut, and cherry trees, offers a good night sleep inviting beauty as a day comes to an end.[\/vc_column_text][vc_empty_space height=&#8221;50px&#8221;]<a href=\"https:\/\/winecamphazic.book.rentl.io\/?from=12-05-2022&amp;to=14-05-2022&amp;adults=1&amp;children=&amp;rooms=1\" title=\"Book accomodation here\" class=\"konte-button button-normal text-dark align-inline large   button square\">Book accommodation<\/a>[vc_empty_space height=&#8221;50px&#8221;][\/vc_column][\/vc_row][vc_row][vc_column][vc_gallery type=&#8221;image_grid&#8221; images=&#8221;1916,1925,1922,1919,1951,1957,1960,1963,1966,1971,1977,1980&#8243; img_size=&#8221;medium&#8221;][\/vc_column][\/vc_row][vc_row][vc_column width=&#8221;1\/2&#8243;][vc_single_image image=&#8221;1205&#8243; img_size=&#8221;full&#8221; alignment=&#8221;right&#8221; css_animation=&#8221;slideInUp&#8221;][\/vc_column][vc_column width=&#8221;1\/2&#8243;][vc_single_image image=&#8221;1201&#8243; img_size=&#8221;full&#8221; css_animation=&#8221;slideInDown&#8221;][\/vc_column][\/vc_row][vc_row][vc_column][vc_column_text]<\/p>\n<h3>Characteristics of the wine camp Ha\u017ei\u0107:<\/h3>\n<p>\u00b7 12 camping lots \u2013 size: 80 \u2013 100 m\u00b2 &#8211; the names of the lots have been coined by grape wine varieties in Me\u0111imurje wine county. Sauvignon, Chardonnay, Pu\u0161ipel, Pinot bijeli (classic\/blanc\/white), Pinot sivi (gris\/grigio\/grey), \u017duti mu\u0161kat (Yellow muscato), Silvanac, Rajnski rizling, Pjenu\u0161ac (sparkling wine), Gra\u0161evina, Traminac, Pinto crni (noir\/dark).<br \/>\n\u00b7 2 lots with mobile houses<br \/>\n\u00b7 electricity, drinking water, and greywater sewage connected<br \/>\n\u00b7 ECO toilet for emptying toilet cassettes<br \/>\n\u00b7 men&#8217;s, women&#8217;s and children&#8217;s bathrooms, dishwashing space<br \/>\n\u00b7 pet-friendly bathtub<br \/>\n\u00b7 on-demand laundry and drying services (with extra charge)<br \/>\n\u00b7 children&#8217;s playground<br \/>\n\u00b7 grill zone and fire pit<br \/>\n\u00b7 200 m away from wine house Ha\u017ei\u0107<br \/>\n\u00b7 800 m away from Sv. Martin Spa[\/vc_column_text][\/vc_column][\/vc_row][vc_row][vc_column width=&#8221;1\/2&#8243;][vc_single_image image=&#8221;1214&#8243; img_size=&#8221;full&#8221; alignment=&#8221;right&#8221; css_animation=&#8221;slideInUp&#8221;][\/vc_column][vc_column width=&#8221;1\/2&#8243;][vc_single_image image=&#8221;1211&#8243; img_size=&#8221;full&#8221; css_animation=&#8221;slideInDown&#8221;][\/vc_column][\/vc_row][vc_row][vc_column][vc_column_text]<br \/>\n[\/vc_column_text][\/vc_column][\/vc_row][vc_row][vc_column width=&#8221;1\/2&#8243;][vc_single_image image=&#8221;1218&#8243; img_size=&#8221;full&#8221; alignment=&#8221;right&#8221; css_animation=&#8221;slideInUp&#8221;][\/vc_column][vc_column width=&#8221;1\/2&#8243;][vc_single_image image=&#8221;1221&#8243; img_size=&#8221;full&#8221; css_animation=&#8221;slideInDown&#8221;][\/vc_column][\/vc_row][vc_row][vc_column][vc_empty_space height=&#8221;50px&#8221;][vc_video link=&#8221;https:\/\/www.youtube.com\/watch?v=rbKXFVNcFhQ&#8221; align=&#8221;center&#8221;][\/vc_column][\/vc_row][vc_row][vc_column][vc_column_text]<\/p>\n<h2>Activities nearby<\/h2>\n<p>[\/vc_column_text][\/vc_column][\/vc_row][vc_row][vc_column width=&#8221;1\/3&#8243;][konte_banner text_position=&#8221;under-image&#8221; button_text=&#8221;Find out more&#8221; image=&#8221;1847&#8243; tagline=&#8221;Healthness Resort&#8221; link=&#8221;url:https%3A%2F%2Fwww.termesvetimartin.com%2Fen%2Fhomepage%2F&#8221;]Terme Sveti Martin[\/konte_banner][\/vc_column][vc_column width=&#8221;1\/3&#8243;][konte_banner text_position=&#8221;under-image&#8221; button_text=&#8221;Find out more&#8221; image=&#8221;1851&#8243; tagline=&#8221;Viewpoint&#8221; link=&#8221;url:https%3A%2F%2Fvinarija-stampar.hr%2Fen%2F&#8221;]Ma\u0111erkin breg &#8211; winery \u0160tampar[\/konte_banner][\/vc_column][vc_column width=&#8221;1\/3&#8243;][konte_banner text_position=&#8221;under-image&#8221; button_text=&#8221;Find out more&#8221; image=&#8221;1854&#8243; tagline=&#8221;The northernmost tourist destination in Croatia&#8221; link=&#8221;url:https%3A%2F%2Fvisit.svetimartin.hr&#8221;]Mill on river Mura &#8211; visitor center[\/konte_banner][\/vc_column][\/vc_row][vc_row][vc_column][vc_empty_space height=&#8221;55px&#8221;][\/vc_column][\/vc_row][vc_row][vc_column width=&#8221;1\/3&#8243;][konte_banner text_position=&#8221;under-image&#8221; button_text=&#8221;Find out more&#8221; image=&#8221;1864&#8243; tagline=&#8221;Museum of Me\u0111imurje \u010cakovec&#8221; link=&#8221;url:https%3A%2F%2Friznica.hr%2F%3Flang%3Den&#8221;]Treasury of Me\u0111imurje &#8211; museum[\/konte_banner][\/vc_column][vc_column width=&#8221;1\/3&#8243;][konte_banner text_position=&#8221;under-image&#8221; button_text=&#8221;Find out more&#8221; image=&#8221;1861&#8243; tagline=&#8221;Me\u0111imurje nature&#8221; link=&#8221;url:https%3A%2F%2Fmed-dvemi-vodami.info%2Fen%2F&#8221;]Med dvemi vodami &#8211; visitor center[\/konte_banner][\/vc_column][vc_column width=&#8221;1\/3&#8243;][konte_banner text_position=&#8221;under-image&#8221; button_text=&#8221;Find out more&#8221; image=&#8221;1858&#8243; tagline=&#8221;Me\u0111imurje bus on the move&#8221; link=&#8221;url:https%3A%2F%2Fboje-medimurja.com%2Fmedimurje-hop-on-hop-off%2F%3Flang%3Den&#8221;]Hop-on Hop-off bus[\/konte_banner][\/vc_column][\/vc_row][vc_row][vc_column][vc_empty_space height=&#8221;55px&#8221;][\/vc_column][\/vc_row][vc_row][vc_column width=&#8221;1\/3&#8243;][konte_banner text_position=&#8221;under-image&#8221; button_text=&#8221;Find out more&#8221; image=&#8221;1871&#8243; tagline=&#8221;OPG Perho\u010d&#8221; link=&#8221;url:https%3A%2F%2Fopg-perhoc.com%2Findex.html&#8221;]Deer farm[\/konte_banner][\/vc_column][vc_column width=&#8221;1\/3&#8243;][konte_banner text_position=&#8221;under-image&#8221; button_text=&#8221;Find out more&#8221; image=&#8221;1868&#8243; tagline=&#8221;Winery&#8221; link=&#8221;url:https%3A%2F%2Fwww.facebook.com%2Fvina.dk.3&#8243;]Wines DK &#8211; Dvanaj\u0161\u010dak Kozol[\/konte_banner][\/vc_column][vc_column width=&#8221;1\/3&#8243;][konte_banner text_position=&#8221;under-image&#8221; button_text=&#8221;Find out more&#8221; image=&#8221;1874&#8243; tagline=&#8221;Wine tasting&#8221; link=&#8221;url:https%3A%2F%2Fwww.facebook.com%2Fvinarijakocijan%2F&#8221;]Winery Kocijan[\/konte_banner][\/vc_column][\/vc_row][vc_row][vc_column][vc_empty_space height=&#8221;55px&#8221;][\/vc_column][\/vc_row][vc_row][vc_column width=&#8221;1\/3&#8243;][konte_banner text_position=&#8221;under-image&#8221; button_text=&#8221;Find out more&#8221; image=&#8221;1877&#8243; tagline=&#8221;Restaurant&#8221; link=&#8221;url:https%3A%2F%2Fwww.terbotz.hr&#8221;]Terbotz[\/konte_banner][\/vc_column][vc_column width=&#8221;1\/3&#8243;][\/vc_column][vc_column width=&#8221;1\/3&#8243;][\/vc_column][\/vc_row]<\/p>\n","protected":false},"excerpt":{"rendered":"<p>Do you want accommodation in the heart of nature? Explore our Wine Camp that offers you just that.<\/p>\n","protected":false},"author":1,"featured_media":1761,"parent":0,"menu_order":0,"comment_status":"closed","ping_status":"closed","template":"","meta":{"footnotes":""},"_links":{"self":[{"href":"https:\/\/opg-hazic.com\/en\/wp-json\/wp\/v2\/pages\/1440"}],"collection":[{"href":"https:\/\/opg-hazic.com\/en\/wp-json\/wp\/v2\/pages"}],"about":[{"href":"https:\/\/opg-hazic.com\/en\/wp-json\/wp\/v2\/types\/page"}],"author":[{"embeddable":true,"href":"https:\/\/opg-hazic.com\/en\/wp-json\/wp\/v2\/users\/1"}],"replies":[{"embeddable":true,"href":"https:\/\/opg-hazic.com\/en\/wp-json\/wp\/v2\/comments?post=1440"}],"version-history":[{"count":23,"href":"https:\/\/opg-hazic.com\/en\/wp-json\/wp\/v2\/pages\/1440\/revisions"}],"predecessor-version":[{"id":2085,"href":"https:\/\/opg-hazic.com\/en\/wp-json\/wp\/v2\/pages\/1440\/revisions\/2085"}],"wp:featuredmedia":[{"embeddable":true,"href":"https:\/\/opg-hazic.com\/en\/wp-json\/wp\/v2\/media\/1761"}],"wp:attachment":[{"href":"https:\/\/opg-hazic.com\/en\/wp-json\/wp\/v2\/media?parent=1440"}],"curies":[{"name":"wp","href":"https:\/\/api.w.org\/{rel}","templated":true}]}}