{"id":1389,"date":"2022-01-21T12:36:04","date_gmt":"2022-01-21T12:36:04","guid":{"rendered":"https:\/\/opg-hazic.com\/impressum\/"},"modified":"2022-01-21T12:37:25","modified_gmt":"2022-01-21T12:37:25","slug":"impressum","status":"publish","type":"page","link":"https:\/\/opg-hazic.com\/en\/impressum\/","title":{"rendered":"Impressum"},"content":{"rendered":"<p>[vc_row][vc_column][vc_column_text]<\/p>\n<h2 style=\"text-align: center;\">Impressum<\/h2>\n<p style=\"text-align: center;\"><strong>OPG Tatjana\u00a0Ha\u017ei\u0107<\/strong><br \/>\nJurov\u010dak 72,<br \/>\nSveti Martin na Muri<br \/>\nCroatia, EU<\/p>\n<p style=\"text-align: center;\">OIB: 13387708743<br \/>\nPDV ID: HR-13387708743<br \/>\nIBAN: HR8623400091160505808 \/ PBZ Banka<br \/>\nIBAN: HR8223600001102668122 \/ Zagreba\u010dka Banka<\/p>\n<p style=\"text-align: center;\"><em>Photos:<\/em><br \/>\nMatej \u0160\u010davni\u010dar<br \/>\nOPG Ha\u017ei\u0107<\/p>\n<p>[\/vc_column_text][\/vc_column][\/vc_row]<\/p>\n","protected":false},"excerpt":{"rendered":"<p>[vc_row][vc_column][vc_column_text] Impressum OPG Tatjana\u00a0Ha\u017ei\u0107 Jurov\u010dak 72, Sveti Martin na Muri Croatia, EU OIB: 13387708743 PDV ID: HR-13387708743 IBAN: HR8623400091160505808 \/ PBZ Banka IBAN: HR8223600001102668122 \/ Zagreba\u010dka Banka Photos: Matej \u0160\u010davni\u010dar&hellip;<\/p>\n","protected":false},"author":3,"featured_media":0,"parent":0,"menu_order":0,"comment_status":"closed","ping_status":"closed","template":"","meta":{"footnotes":""},"_links":{"self":[{"href":"https:\/\/opg-hazic.com\/en\/wp-json\/wp\/v2\/pages\/1389"}],"collection":[{"href":"https:\/\/opg-hazic.com\/en\/wp-json\/wp\/v2\/pages"}],"about":[{"href":"https:\/\/opg-hazic.com\/en\/wp-json\/wp\/v2\/types\/page"}],"author":[{"embeddable":true,"href":"https:\/\/opg-hazic.com\/en\/wp-json\/wp\/v2\/users\/3"}],"replies":[{"embeddable":true,"href":"https:\/\/opg-hazic.com\/en\/wp-json\/wp\/v2\/comments?post=1389"}],"version-history":[{"count":5,"href":"https:\/\/opg-hazic.com\/en\/wp-json\/wp\/v2\/pages\/1389\/revisions"}],"predecessor-version":[{"id":1400,"href":"https:\/\/opg-hazic.com\/en\/wp-json\/wp\/v2\/pages\/1389\/revisions\/1400"}],"wp:attachment":[{"href":"https:\/\/opg-hazic.com\/en\/wp-json\/wp\/v2\/media?parent=1389"}],"curies":[{"name":"wp","href":"https:\/\/api.w.org\/{rel}","templated":true}]}}