{"id":1670,"date":"2022-02-01T13:59:52","date_gmt":"2022-02-01T13:59:52","guid":{"rendered":"https:\/\/opg-hazic.com\/unsere-produkte\/"},"modified":"2022-02-01T14:02:53","modified_gmt":"2022-02-01T14:02:53","slug":"unsere-produkte","status":"publish","type":"page","link":"https:\/\/opg-hazic.com\/de\/unsere-produkte\/","title":{"rendered":"Unsere Produkte"},"content":{"rendered":"<p>[vc_row][vc_column]<div class=\"konte-empty-space \" aria-hidden=\"true\"><div class=\"konte-empty-space__xs visible-xs\" style=\"height:60px\"><\/div><div class=\"konte-empty-space__sm visible-sm\" style=\"height:100px\"><\/div><div class=\"konte-empty-space__md visible-md\" style=\"height:100px\"><\/div><div class=\"konte-empty-space__lg visible-lg\" style=\"height:100px\"><\/div><\/div>[vc_custom_heading text=&#8220;Unsere Produkte&#8220; font_container=&#8220;tag:h2|text_align:center&#8220; use_theme_fonts=&#8220;yes&#8220; css_animation=&#8220;fadeIn&#8220;][vc_empty_space height=&#8220;30px&#8220; el_class=&#8220;hidden-xs hidden-sm&#8220;][vc_row_inner][vc_column_inner width=&#8220;1\/6&#8243;][vc_empty_space height=&#8220;30px&#8220; el_class=&#8220;hidden-xs hidden-sm&#8220;][\/vc_column_inner][vc_column_inner width=&#8220;2\/3&#8243;][vc_column_text]<\/p>\n<h3>Weins<\/h3>\n<p>Unsere Weine sind ein Produkt aus gesunden und handverlesenen Trauben. Die Weine unseres Weinhauses werden ausschlie\u00dflich aus selbst produzierten Trauben gekeltert. Von der Lese bis zur Kellerbehandlung behandeln wir jede Traube und jeden Tropfen Saft mit Respekt. Diese Liebe und Leidenschaft f\u00fcr die Arbeit geben wir an unsere treuen Kunden, unsere \u201ePartner\u201c, Freunde und Verwandte weiter. Bei der Weinherstellung verwenden wir Produkte pflanzlichen Ursprungs, die f\u00fcr Veganer und Vegetarier geeignet sind.[\/vc_column_text][\/vc_column_inner][vc_column_inner width=&#8220;1\/6&#8243;][vc_empty_space height=&#8220;30px&#8220; el_class=&#8220;hidden-xs hidden-sm&#8220;][\/vc_column_inner][\/vc_row_inner][vc_row_inner][vc_column_inner width=&#8220;1\/6&#8243;][vc_empty_space height=&#8220;30px&#8220; el_class=&#8220;hidden-xs hidden-sm&#8220;][\/vc_column_inner][vc_column_inner width=&#8220;2\/3&#8243;][vc_column_text]<\/p>\n<h3><\/h3>\n<h3>S\u00e4fte<\/h3>\n<div><\/div>\n<div class=\"FFpbKc\">\n<div class=\"r375lc\">\n<div class=\"aJIq1d\" data-language-code=\"hr\" data-language-name=\"Croatian\" data-text=\"\" data-crosslingual-hint=\"null\" data-location=\"1\" data-enable-toggle-playback-speed=\"true\">\n<div data-show-delay-ms=\"250\" data-append-to-body=\"true\" data-propagate-tooltip-mouseover-events=\"true\" data-anchor-corner=\"bottom-left\" data-enable-skip-handler=\"false\" data-popup-corner=\"top-left\">\n<div class=\"dePhmb\">\n<div class=\"eyKpYb\" data-language=\"en\" data-original-language=\"hr\" data-result-index=\"0\">\n<div class=\"J0lOec\">Das komplette Fruchtsortiment enth\u00e4lt keinen zugesetzten Zucker oder andere Zusatzstoffe. Unsere S\u00e4fte werden in wenigen Sekunden kurz pasteurisiert und anschlie\u00dfend gek\u00fchlt, um eine l\u00e4nger anhaltende Frische und Haltbarkeit zu erhalten. Solche S\u00e4fte sind ab Herstellungsdatum ein Jahr haltbar, und wenn Sie die Flasche \u00f6ffnen, bewahren Sie sie im K\u00fchlschrank auf und trinken Sie sie 7 bis 10 Tage lang. \u00c4pfel und Trauben sind ausschlie\u00dflich unsere eigene Produktion, w\u00e4hrend Aronia und Kirschen von lokalen Haushalten in Me\u0111imurje gekauft und dann mit unserem Apfel kombiniert werden. Wir kaufen Mandarine von lokalen Kleinproduzenten in Dalmatien und mischen sie mit unserem Apfel.<\/div>\n<\/div>\n<\/div>\n<\/div>\n<\/div>\n<\/div>\n<\/div>\n<p>[\/vc_column_text][vc_empty_space height=&#8220;50px&#8220; el_class=&#8220;hidden-xs hidden-sm&#8220;][\/vc_column_inner][vc_column_inner width=&#8220;1\/6&#8243;][vc_empty_space height=&#8220;30px&#8220; el_class=&#8220;hidden-xs hidden-sm&#8220;][\/vc_column_inner][\/vc_row_inner][\/vc_column][\/vc_row][vc_row][vc_column width=&#8220;2\/3&#8243;][vc_single_image image=&#8220;1675&#8243; img_size=&#8220;full&#8220; alignment=&#8220;right&#8220; css_animation=&#8220;slideInLeft&#8220;][\/vc_column][vc_column width=&#8220;1\/3&#8243;][vc_single_image image=&#8220;1678&#8243; img_size=&#8220;full&#8220; css_animation=&#8220;slideInRight&#8220; css=&#8220;.vc_custom_1643724121368{padding-top: 30px !important;}&#8220;][\/vc_column][\/vc_row][vc_row][vc_column width=&#8220;1\/2&#8243;][vc_single_image image=&#8220;1681&#8243; img_size=&#8220;full&#8220; alignment=&#8220;right&#8220; css_animation=&#8220;slideInUp&#8220;][\/vc_column][vc_column width=&#8220;1\/2&#8243;][vc_single_image image=&#8220;1684&#8243; img_size=&#8220;full&#8220; css_animation=&#8220;slideInDown&#8220;][\/vc_column][\/vc_row][vc_row][vc_column]<p class=\"konte-button-wrapper text-center\"><a href=\"https:\/\/opg-hazic.com\/de\/kontakte\/\" title=\"Kontakte\" class=\"konte-button button-normal text-dark align-center large   button square\">M\u00f6chten Sie mehr erfahren? Schreiben Sie uns, wir zeigen Ihnen gerne alles, was wir tun!<\/a><\/p>[\/vc_column][\/vc_row]<\/p>\n","protected":false},"excerpt":{"rendered":"<p>[vc_row][vc_column][vc_custom_heading text=&#8220;Unsere Produkte&#8220; font_container=&#8220;tag:h2|text_align:center&#8220; use_theme_fonts=&#8220;yes&#8220; css_animation=&#8220;fadeIn&#8220;][vc_empty_space height=&#8220;30px&#8220; el_class=&#8220;hidden-xs hidden-sm&#8220;][vc_row_inner][vc_column_inner width=&#8220;1\/6&#8243;][vc_empty_space height=&#8220;30px&#8220; el_class=&#8220;hidden-xs hidden-sm&#8220;][\/vc_column_inner][vc_column_inner width=&#8220;2\/3&#8243;][vc_column_text] Weins Unsere Weine sind ein Produkt aus gesunden und handverlesenen Trauben. Die Weine unseres Weinhauses werden&hellip;<\/p>\n","protected":false},"author":3,"featured_media":0,"parent":0,"menu_order":0,"comment_status":"closed","ping_status":"closed","template":"","meta":{"footnotes":""},"_links":{"self":[{"href":"https:\/\/opg-hazic.com\/de\/wp-json\/wp\/v2\/pages\/1670"}],"collection":[{"href":"https:\/\/opg-hazic.com\/de\/wp-json\/wp\/v2\/pages"}],"about":[{"href":"https:\/\/opg-hazic.com\/de\/wp-json\/wp\/v2\/types\/page"}],"author":[{"embeddable":true,"href":"https:\/\/opg-hazic.com\/de\/wp-json\/wp\/v2\/users\/3"}],"replies":[{"embeddable":true,"href":"https:\/\/opg-hazic.com\/de\/wp-json\/wp\/v2\/comments?post=1670"}],"version-history":[{"count":5,"href":"https:\/\/opg-hazic.com\/de\/wp-json\/wp\/v2\/pages\/1670\/revisions"}],"predecessor-version":[{"id":1687,"href":"https:\/\/opg-hazic.com\/de\/wp-json\/wp\/v2\/pages\/1670\/revisions\/1687"}],"wp:attachment":[{"href":"https:\/\/opg-hazic.com\/de\/wp-json\/wp\/v2\/media?parent=1670"}],"curies":[{"name":"wp","href":"https:\/\/api.w.org\/{rel}","templated":true}]}}