{"id":1465,"date":"2022-01-21T13:27:02","date_gmt":"2022-01-21T13:27:02","guid":{"rendered":"https:\/\/opg-hazic.com\/ueber-uns\/"},"modified":"2022-01-21T13:29:28","modified_gmt":"2022-01-21T13:29:28","slug":"ueber-uns","status":"publish","type":"page","link":"https:\/\/opg-hazic.com\/de\/ueber-uns\/","title":{"rendered":"\u00dcber uns"},"content":{"rendered":"<p>[vc_row full_width=&#8220;stretch_row&#8220; css=&#8220;.vc_custom_1642599968430{padding-top: 230px !important;padding-bottom: 230px !important;background-image: url(https:\/\/opg-hazic.com\/wp-content\/uploads\/2022\/01\/onama-bg.jpg?id=1011) !important;background-position: center !important;background-repeat: no-repeat !important;background-size: cover !important;}&#8220;][vc_column][vc_row_inner][vc_column_inner width=&#8220;1\/2&#8243;][vc_empty_space height=&#8220;5px&#8220;][\/vc_column_inner][vc_column_inner width=&#8220;1\/2&#8243;][vc_column_text]<\/p>\n<h2><span style=\"color: #ffffff;\">Von \u00c4pfeln und Weinrebe<\/span><br \/>\n<span style=\"color: #ffffff;\">bis Lebensarbeit&#8220;<\/span><\/h2>\n<p>[\/vc_column_text][\/vc_column_inner][\/vc_row_inner][\/vc_column][\/vc_row][vc_row][vc_column]<div class=\"konte-empty-space \" aria-hidden=\"true\"><div class=\"konte-empty-space__xs visible-xs\" style=\"height:60px\"><\/div><div class=\"konte-empty-space__sm visible-sm\" style=\"height:100px\"><\/div><div class=\"konte-empty-space__md visible-md\" style=\"height:100px\"><\/div><div class=\"konte-empty-space__lg visible-lg\" style=\"height:100px\"><\/div><\/div>[vc_custom_heading text=&#8220;Izleti\u0161te Vinska ku\u0107a Ha\u017ei\u0107&#8220; use_theme_fonts=&#8220;yes&#8220; css_animation=&#8220;fadeIn&#8220;][vc_empty_space height=&#8220;30px&#8220; el_class=&#8220;hidden-xs hidden-sm&#8220;][vc_row_inner][vc_column_inner width=&#8220;1\/6&#8243;][vc_empty_space height=&#8220;5px&#8220;][\/vc_column_inner][vc_column_inner width=&#8220;2\/3&#8243;][vc_column_text]In dem Herzen Obber-Medjimurjes, vor genau 30 Jahre, wurde eine Geschichte begann, die zu jedem Touristen, Wein-, Natur- und Bergliebhaber neue ungesehene Erfahrungen gibt. Das ist die Geschichte von uns. Die Hadzic Familie\u2026 Wir lieben Lyrik, aber tats\u00e4chlich bevorzugen wir die Hacke. Wir arbeiten hart in unseren Weinberg und Obstgarten. Darin find man hochwertigste Traube und \u00c4pfel, um die besten Wein und Apfelsaft zu erstellen. Da wir nicht allen allein trinken k\u00f6nnen, organisieren wir Weinprobe im Weinhaus, kochen wir Pogatschen, und schneiden &#8218;meso z tiblice&#8216; (die lokale gep\u00f6keltes<br \/>\nFleischspezialit\u00e4t). Wir waschen die F\u00e4sser, f\u00fcllen die Flaschen, w\u00e4hrend die Wein Preise gewinnt- daf\u00fcr ist unsere Keller unsere zweite Heim. Der Gefrierschrank lagert vier Apfelsorten, w\u00e4hrend die Verarbeitungsanlage fast alleine arbeitet und Apfelchips und verschiedene Naturs\u00e4fte produziert. Wir lieben gute Musik, deshalb spielen manchmal Jazz und Rock auf unserer Terrasse. Da es unm\u00f6glich ist, ein aus der Form geratener Winzer zu sein, organisieren wir auch L\u00e4ufe rund um den Weinberg. Wir mag Natur und Tiere, und am April 1, 2021, werden wir ein Kamp \u00f6ffnen\u2026 ein Weinkamp! Alles geht besser in Natur und mit Wein. Das Leben ist sch\u00f6n und wir wissen wie man gniest. Begleiten Sie uns in Medjimurje. Auf dem Berg![\/vc_column_text][\/vc_column_inner][vc_column_inner width=&#8220;1\/6&#8243;][\/vc_column_inner][\/vc_row_inner]<div class=\"konte-empty-space \" aria-hidden=\"true\"><div class=\"konte-empty-space__xs visible-xs\" style=\"height:60px\"><\/div><div class=\"konte-empty-space__sm visible-sm\" style=\"height:100px\"><\/div><div class=\"konte-empty-space__md visible-md\" style=\"height:100px\"><\/div><div class=\"konte-empty-space__lg visible-lg\" style=\"height:100px\"><\/div><\/div>[\/vc_column][\/vc_row][vc_row][vc_column width=&#8220;2\/3&#8243;][vc_single_image image=&#8220;1018&#8243; img_size=&#8220;full&#8220; alignment=&#8220;right&#8220; css_animation=&#8220;slideInLeft&#8220;][\/vc_column][vc_column width=&#8220;1\/3&#8243;][vc_single_image image=&#8220;1021&#8243; img_size=&#8220;full&#8220; css_animation=&#8220;slideInRight&#8220; css=&#8220;.vc_custom_1642599779645{padding-top: 30px !important;}&#8220;][\/vc_column][\/vc_row][vc_row][vc_column width=&#8220;1\/2&#8243;][vc_single_image image=&#8220;1024&#8243; img_size=&#8220;full&#8220; alignment=&#8220;right&#8220; css_animation=&#8220;slideInUp&#8220;][\/vc_column][vc_column width=&#8220;1\/2&#8243;][vc_single_image image=&#8220;1027&#8243; img_size=&#8220;full&#8220; css_animation=&#8220;slideInDown&#8220;][\/vc_column][\/vc_row][vc_row][vc_column]<div class=\"konte-empty-space \" aria-hidden=\"true\"><div class=\"konte-empty-space__xs visible-xs\" style=\"height:45px\"><\/div><div class=\"konte-empty-space__sm visible-sm\" style=\"height:75px\"><\/div><div class=\"konte-empty-space__md visible-md\" style=\"height:75px\"><\/div><div class=\"konte-empty-space__lg visible-lg\" style=\"height:75px\"><\/div><\/div>[vc_row_inner][vc_column_inner width=&#8220;1\/3&#8243;][vc_empty_space][vc_separator border_width=&#8220;2&#8243; el_width=&#8220;60&#8243; css_animation=&#8220;fadeIn&#8220;][\/vc_column_inner][vc_column_inner width=&#8220;1\/3&#8243;][vc_custom_heading text=&#8220;Was wir tun&#8220; font_container=&#8220;tag:h2|text_align:center|color:%23000000&#8243; use_theme_fonts=&#8220;yes&#8220; css_animation=&#8220;fadeIn&#8220;][\/vc_column_inner][vc_column_inner width=&#8220;1\/3&#8243;][vc_empty_space][vc_separator border_width=&#8220;2&#8243; el_width=&#8220;60&#8243; css_animation=&#8220;fadeIn&#8220;][\/vc_column_inner][\/vc_row_inner]<div class=\"konte-empty-space \" aria-hidden=\"true\"><div class=\"konte-empty-space__xs visible-xs\" style=\"height:45px\"><\/div><div class=\"konte-empty-space__sm visible-sm\" style=\"height:75px\"><\/div><div class=\"konte-empty-space__md visible-md\" style=\"height:75px\"><\/div><div class=\"konte-empty-space__lg visible-lg\" style=\"height:75px\"><\/div><\/div>[vc_row_inner][vc_column_inner width=&#8220;1\/4&#8243;][vc_single_image image=&#8220;795&#8243; img_size=&#8220;full&#8220; alignment=&#8220;center&#8220; css_animation=&#8220;none&#8220;][vc_column_text]<\/p>\n<h4 style=\"text-align: center;\">Weinbau und Weinproduktion<\/h4>\n<p style=\"text-align: center;\"><a href=\"https:\/\/opg-hazic.com\/de\/weinebau-und-weinproduktion\/\">FINDE MEHR<\/a><\/p>\n<p>[\/vc_column_text][\/vc_column_inner][vc_column_inner width=&#8220;1\/4&#8243;][vc_single_image image=&#8220;798&#8243; img_size=&#8220;full&#8220; alignment=&#8220;center&#8220; css_animation=&#8220;none&#8220;][vc_column_text]<\/p>\n<h4 style=\"text-align: center;\">Obstanbau<\/h4>\n<p style=\"text-align: center;\"><a href=\"https:\/\/opg-hazic.com\/de\/obstanbau\/\">FINDE MEHR<\/a><\/p>\n<p>[\/vc_column_text][\/vc_column_inner][vc_column_inner width=&#8220;1\/4&#8243;][vc_single_image image=&#8220;789&#8243; img_size=&#8220;full&#8220; alignment=&#8220;center&#8220; css_animation=&#8220;none&#8220;][vc_column_text]<\/p>\n<h4 style=\"text-align: center;\">Winecamp<\/h4>\n<p style=\"text-align: center;\"><a href=\"https:\/\/opg-hazic.com\/de\/weincamp\/\">FINDE MEHR<\/a><\/p>\n<p>[\/vc_column_text][\/vc_column_inner][vc_column_inner width=&#8220;1\/4&#8243;][vc_single_image image=&#8220;792&#8243; img_size=&#8220;full&#8220; alignment=&#8220;center&#8220; css_animation=&#8220;none&#8220;][vc_column_text]<\/p>\n<h4 style=\"text-align: center;\">Weinhaus<\/h4>\n<p style=\"text-align: center;\"><a href=\"https:\/\/opg-hazic.com\/de\/weinhaus\/\">FINDE MEHR<\/a><\/p>\n<p>[\/vc_column_text][\/vc_column_inner][\/vc_row_inner]<div class=\"konte-empty-space \" aria-hidden=\"true\"><div class=\"konte-empty-space__xs visible-xs\" style=\"height:45px\"><\/div><div class=\"konte-empty-space__sm visible-sm\" style=\"height:75px\"><\/div><div class=\"konte-empty-space__md visible-md\" style=\"height:75px\"><\/div><div class=\"konte-empty-space__lg visible-lg\" style=\"height:75px\"><\/div><\/div>[\/vc_column][\/vc_row][vc_row full_width=&#8220;stretch_row_content_no_spaces&#8220;][vc_column offset=&#8220;vc_hidden-xs&#8220;][vc_column_text]<\/p>\n<h2 style=\"text-align: center;\">Folge uns auf Instagramu<\/h2>\n<p style=\"text-align: center;\">[instagram-feed]<\/p>\n<p>[\/vc_column_text][\/vc_column][\/vc_row][vc_row][vc_column][vc_separator][vc_empty_space height=&#8220;30px&#8220;][vc_row_inner][vc_column_inner width=&#8220;1\/4&#8243;][vc_single_image image=&#8220;941&#8243; img_size=&#8220;full&#8220; alignment=&#8220;center&#8220; css_animation=&#8220;none&#8220;][\/vc_column_inner][vc_column_inner width=&#8220;1\/4&#8243;][vc_single_image image=&#8220;947&#8243; img_size=&#8220;full&#8220; alignment=&#8220;center&#8220; css_animation=&#8220;none&#8220;][\/vc_column_inner][vc_column_inner width=&#8220;1\/4&#8243;][vc_single_image image=&#8220;944&#8243; img_size=&#8220;full&#8220; alignment=&#8220;center&#8220; css_animation=&#8220;none&#8220;][\/vc_column_inner][vc_column_inner width=&#8220;1\/4&#8243;][vc_single_image image=&#8220;938&#8243; img_size=&#8220;full&#8220; alignment=&#8220;center&#8220; css_animation=&#8220;none&#8220;][\/vc_column_inner][\/vc_row_inner][\/vc_column][\/vc_row]<\/p>\n","protected":false},"excerpt":{"rendered":"<p>[vc_row full_width=&#8220;stretch_row&#8220; css=&#8220;.vc_custom_1642599968430{padding-top: 230px !important;padding-bottom: 230px !important;background-image: url(https:\/\/opg-hazic.com\/wp-content\/uploads\/2022\/01\/onama-bg.jpg?id=1011) !important;background-position: center !important;background-repeat: no-repeat !important;background-size: cover !important;}&#8220;][vc_column][vc_row_inner][vc_column_inner width=&#8220;1\/2&#8243;][vc_empty_space height=&#8220;5px&#8220;][\/vc_column_inner][vc_column_inner width=&#8220;1\/2&#8243;][vc_column_text] Von \u00c4pfeln und Weinrebe bis Lebensarbeit&#8220; [\/vc_column_text][\/vc_column_inner][\/vc_row_inner][\/vc_column][\/vc_row][vc_row][vc_column][vc_custom_heading text=&#8220;Izleti\u0161te Vinska ku\u0107a Ha\u017ei\u0107&#8220; use_theme_fonts=&#8220;yes&#8220;&hellip;<\/p>\n","protected":false},"author":3,"featured_media":0,"parent":0,"menu_order":0,"comment_status":"closed","ping_status":"closed","template":"","meta":{"footnotes":""},"_links":{"self":[{"href":"https:\/\/opg-hazic.com\/de\/wp-json\/wp\/v2\/pages\/1465"}],"collection":[{"href":"https:\/\/opg-hazic.com\/de\/wp-json\/wp\/v2\/pages"}],"about":[{"href":"https:\/\/opg-hazic.com\/de\/wp-json\/wp\/v2\/types\/page"}],"author":[{"embeddable":true,"href":"https:\/\/opg-hazic.com\/de\/wp-json\/wp\/v2\/users\/3"}],"replies":[{"embeddable":true,"href":"https:\/\/opg-hazic.com\/de\/wp-json\/wp\/v2\/comments?post=1465"}],"version-history":[{"count":3,"href":"https:\/\/opg-hazic.com\/de\/wp-json\/wp\/v2\/pages\/1465\/revisions"}],"predecessor-version":[{"id":1468,"href":"https:\/\/opg-hazic.com\/de\/wp-json\/wp\/v2\/pages\/1465\/revisions\/1468"}],"wp:attachment":[{"href":"https:\/\/opg-hazic.com\/de\/wp-json\/wp\/v2\/media?parent=1465"}],"curies":[{"name":"wp","href":"https:\/\/api.w.org\/{rel}","templated":true}]}}