{"id":1458,"date":"2022-01-21T13:17:01","date_gmt":"2022-01-21T13:17:01","guid":{"rendered":"https:\/\/opg-hazic.com\/weinebau-und-weinproduktion\/"},"modified":"2022-09-12T08:45:03","modified_gmt":"2022-09-12T08:45:03","slug":"weinebau-und-weinproduktion","status":"publish","type":"page","link":"https:\/\/opg-hazic.com\/de\/weinebau-und-weinproduktion\/","title":{"rendered":"Weinebau und Weinproduktion"},"content":{"rendered":"<p>[vc_row css=&#8220;.vc_custom_1642670757482{margin-top: 0px !important;padding-top: 0px !important;}&#8220;][vc_column][vc_column_text]<\/p>\n<h2>Weinebau und Weinproduktion<\/h2>\n<p>Unsere Geschichte entstand vor mehr als 30 Jahren. Auf dem Grund der wundersch\u00f6nen nat\u00fcrlichen Bedingungen und Umgebung, in der wir gelebt haben, dauerte es nicht lange, die erste Weinrebe zu pflanzen. Langsam aber sicher ist es uns gelungen, einen Ort zu schaffen, an dem sich alle wohlf\u00fchlen. Unsere Weine werden aus gesund angebauten Trauben durch Handlese gewonnen, die ausschlie\u00dflich aus den von uns selbst produzierten Trauben hergestellt werden. Von der Ernte bis zur Kellerbehandlung respektieren wir jede Traube und jeden Tropfen Saft. Wir sch\u00e4tzen das Land, das unsere Reben ern\u00e4hrt, und pflegen es nach den besten \u00f6kologischen Standards. Wir geben unsere Liebe und Leidenschaft f\u00fcr das Gesch\u00e4ft an unsere treuen Kunden, unsere Gesch\u00e4ftspartner und Freunde weiter. Bei der Weinherstellung verwenden wir Quellen auf nat\u00fcrlicher Basis, daher ist der Wein \u201eveganfreundlich\u201c. In unserem Weinhaus und Weincamp k\u00f6nnen Sie eine Vielzahl von Weinen probieren \u2013 Sauvignon blanc, Pu\u0161ipel, Traminac mirisavi (duftend) und Gra\u0161evina classic oder premium sowie unseren ersten Sekt \u201eProtagonist Toni\u201c. Weinbau und Weinbereitung stehen f\u00fcr unsere Liebe. Aufgrund unserer Sorgfalt f\u00fcr das\/die Produkt(e) und die Tatsache, dass wir Qualit\u00e4t vor Quantit\u00e4t stellen, wurden wir mehrfach umfangreich belohnt \u2013 Preise und Zertifikate belegen es.[\/vc_column_text][\/vc_column][\/vc_row][vc_row][vc_column width=&#8220;1\/3&#8243;][vc_single_image image=&#8220;1126&#8243; img_size=&#8220;full&#8220; alignment=&#8220;right&#8220; css_animation=&#8220;slideInLeft&#8220;][\/vc_column][vc_column width=&#8220;2\/3&#8243;][vc_single_image image=&#8220;1123&#8243; img_size=&#8220;full&#8220; css_animation=&#8220;slideInRight&#8220; css=&#8220;.vc_custom_1642672020051{padding-top: 30px !important;}&#8220;][\/vc_column][\/vc_row][vc_row][vc_column width=&#8220;1\/2&#8243;][vc_single_image image=&#8220;1129&#8243; img_size=&#8220;full&#8220; alignment=&#8220;right&#8220; css_animation=&#8220;slideInUp&#8220;][\/vc_column][vc_column width=&#8220;1\/2&#8243;][vc_single_image image=&#8220;1132&#8243; img_size=&#8220;full&#8220; css_animation=&#8220;slideInDown&#8220;][\/vc_column][\/vc_row][vc_row][vc_column width=&#8220;1\/2&#8243;][vc_single_image image=&#8220;1135&#8243; img_size=&#8220;full&#8220; alignment=&#8220;right&#8220; css_animation=&#8220;slideInUp&#8220;][\/vc_column][vc_column width=&#8220;1\/2&#8243;][vc_single_image image=&#8220;1138&#8243; img_size=&#8220;full&#8220; css_animation=&#8220;slideInDown&#8220;][\/vc_column][\/vc_row][vc_row][vc_column][vc_single_image image=&#8220;2215&#8243; img_size=&#8220;full&#8220; alignment=&#8220;center&#8220; css_animation=&#8220;slideInUp&#8220;][\/vc_column][\/vc_row]<\/p>\n","protected":false},"excerpt":{"rendered":"<p>Die Geschichte der Familie Ha\u017ei\u0107 beginnt vor mehr als 30 Jahren, als Biserka und Radenko Ha\u017ei\u0107 beschlossen, den ersten Obstbaum zu pflanzen.<\/p>\n","protected":false},"author":1,"featured_media":1758,"parent":0,"menu_order":0,"comment_status":"closed","ping_status":"closed","template":"","meta":{"footnotes":""},"_links":{"self":[{"href":"https:\/\/opg-hazic.com\/de\/wp-json\/wp\/v2\/pages\/1458"}],"collection":[{"href":"https:\/\/opg-hazic.com\/de\/wp-json\/wp\/v2\/pages"}],"about":[{"href":"https:\/\/opg-hazic.com\/de\/wp-json\/wp\/v2\/types\/page"}],"author":[{"embeddable":true,"href":"https:\/\/opg-hazic.com\/de\/wp-json\/wp\/v2\/users\/1"}],"replies":[{"embeddable":true,"href":"https:\/\/opg-hazic.com\/de\/wp-json\/wp\/v2\/comments?post=1458"}],"version-history":[{"count":3,"href":"https:\/\/opg-hazic.com\/de\/wp-json\/wp\/v2\/pages\/1458\/revisions"}],"predecessor-version":[{"id":2218,"href":"https:\/\/opg-hazic.com\/de\/wp-json\/wp\/v2\/pages\/1458\/revisions\/2218"}],"wp:featuredmedia":[{"embeddable":true,"href":"https:\/\/opg-hazic.com\/de\/wp-json\/wp\/v2\/media\/1758"}],"wp:attachment":[{"href":"https:\/\/opg-hazic.com\/de\/wp-json\/wp\/v2\/media?parent=1458"}],"curies":[{"name":"wp","href":"https:\/\/api.w.org\/{rel}","templated":true}]}}