{"id":1452,"date":"2022-01-21T13:14:02","date_gmt":"2022-01-21T13:14:02","guid":{"rendered":"https:\/\/opg-hazic.com\/weinhaus\/"},"modified":"2022-09-12T08:41:07","modified_gmt":"2022-09-12T08:41:07","slug":"weinhaus","status":"publish","type":"page","link":"https:\/\/opg-hazic.com\/de\/weinhaus\/","title":{"rendered":"Weinhaus"},"content":{"rendered":"<p>[vc_row][vc_column][vc_column_text]<\/p>\n<h2>Weinhaus Ha\u017ei\u0107<\/h2>\n<p>Gro\u00dfer Spa\u00df und unvergessliche Geschm\u00e4cker verbinden viele seit Jahrtausenden. Mit Ihrer Familie oder Freunden, Gesch\u00e4ftspartner oder Bekannte, es liegt an Ihnen! So oder so k\u00f6nnen Sie keinen Fehler machen, wie wir Ihnen anbieten ein Ort, an dem Sie sich wie zu Hause f\u00fchlen werden. Probieren Sie Apfelchips, perfekt knusprig und lecker, wie sich jeder danach sehnt, vor allem die J\u00fcngsten. Au\u00dferdem m\u00f6chten Sie vielleicht hausgemachten Aufschnitt probieren, der Ihnen n\u00e4her bringt traditionelle Geschm\u00e4cker der \u201evergangenen Zeit\u201c \u2013 meso z tiblice (Fleisch aus dem Holzfass), doma\u010de slanine (hausgemachter Speck Brotaufstrich) und doma\u0107i kruh z \u010drnim oljem (hausgebackenes Brot mit Schwarz\u00f6l). Verkostungsveranstaltungen werden auf Kroatisch, Deutsch und Englische organisiert. Das rustikale Ambiente unseres Weinhauses bietet Platz f\u00fcr bis zu 50 Personen im Haus und 30 Personen auf der Terrasse. Wir haben eine individuelle Herangehensweise an jeden Besucher oder eine Besuchergruppe. Ob Sie eine lehrreiche Veranstaltung mit Weinoder Speisenverkostung f\u00fcr Ihre Gesch\u00e4ftspartner organisieren, Ihre Lieben zu einer Kochshow einladen oder ein gesch\u00e4ftliches Treffen organisieren m\u00f6chten, Sie werden nichts falsch machen. Wenn Sie einen ausgewogenen Lebensstil mit Schwerpunkt auf gesundes Leben lieben, sind wir der richtige Ort und bieten genau das \u2013 den Genuss \u201eme\u0111 goricama\u201c (zwischen H\u00fcgeln) in einer intakten Umgebung und der Natur der Medjimurje-H\u00fcgel.[\/vc_column_text][\/vc_column][\/vc_row][vc_row][vc_column width=&#8220;1\/3&#8243;][vc_single_image image=&#8220;1182&#8243; img_size=&#8220;full&#8220; alignment=&#8220;right&#8220; css_animation=&#8220;slideInLeft&#8220;][\/vc_column][vc_column width=&#8220;2\/3&#8243;][vc_single_image image=&#8220;1185&#8243; img_size=&#8220;full&#8220; css_animation=&#8220;slideInRight&#8220; css=&#8220;.vc_custom_1642673925813{padding-top: 30px !important;}&#8220;][\/vc_column][\/vc_row][vc_row][vc_column width=&#8220;1\/2&#8243;][vc_single_image image=&#8220;1188&#8243; img_size=&#8220;full&#8220; alignment=&#8220;right&#8220; css_animation=&#8220;slideInUp&#8220;][\/vc_column][vc_column width=&#8220;1\/2&#8243;][vc_single_image image=&#8220;1191&#8243; img_size=&#8220;full&#8220; css_animation=&#8220;slideInDown&#8220;][\/vc_column][\/vc_row][vc_row][vc_column width=&#8220;1\/2&#8243;][vc_single_image image=&#8220;1194&#8243; img_size=&#8220;full&#8220; alignment=&#8220;right&#8220; css_animation=&#8220;slideInUp&#8220;][\/vc_column][vc_column width=&#8220;1\/2&#8243;][vc_single_image image=&#8220;1197&#8243; img_size=&#8220;full&#8220; css_animation=&#8220;slideInDown&#8220;][\/vc_column][\/vc_row][vc_row][vc_column width=&#8220;1\/2&#8243;][vc_single_image image=&#8220;2209&#8243; img_size=&#8220;full&#8220; alignment=&#8220;right&#8220; css_animation=&#8220;slideInUp&#8220;][\/vc_column][vc_column width=&#8220;1\/2&#8243;][vc_single_image image=&#8220;2206&#8243; img_size=&#8220;full&#8220; css_animation=&#8220;slideInDown&#8220;][\/vc_column][\/vc_row][vc_row][vc_column][vc_empty_space height=&#8220;100px&#8220;][vc_video link=&#8220;https:\/\/youtu.be\/j2_PbbRdCX4&#8243;][\/vc_column][\/vc_row][vc_row][vc_column width=&#8220;1\/3&#8243;][vc_single_image image=&#8220;1803&#8243; img_size=&#8220;full&#8220; alignment=&#8220;right&#8220; css_animation=&#8220;slideInLeft&#8220;][\/vc_column][vc_column width=&#8220;2\/3&#8243;][vc_single_image image=&#8220;1807&#8243; img_size=&#8220;full&#8220; css_animation=&#8220;slideInRight&#8220; css=&#8220;.vc_custom_1643881215238{padding-top: 30px !important;}&#8220;][\/vc_column][\/vc_row][vc_row][vc_column width=&#8220;1\/2&#8243;][vc_single_image image=&#8220;1800&#8243; img_size=&#8220;full&#8220; alignment=&#8220;right&#8220; css_animation=&#8220;slideInUp&#8220;][\/vc_column][vc_column width=&#8220;1\/2&#8243;][vc_single_image image=&#8220;1796&#8243; img_size=&#8220;full&#8220; css_animation=&#8220;slideInDown&#8220;][\/vc_column][\/vc_row][vc_row][vc_column][vc_single_image image=&#8220;1793&#8243; img_size=&#8220;full&#8220; alignment=&#8220;center&#8220; css_animation=&#8220;slideInRight&#8220; css=&#8220;.vc_custom_1643881203288{padding-top: 30px !important;}&#8220;][\/vc_column][\/vc_row]<\/p>\n","protected":false},"excerpt":{"rendered":"<p>Die Geschichte der Familie Ha\u017ei\u0107 beginnt vor mehr als 30 Jahren, als Biserka und Radenko Ha\u017ei\u0107 beschlossen, den ersten Obstbaum zu pflanzen.<\/p>\n","protected":false},"author":1,"featured_media":1179,"parent":0,"menu_order":0,"comment_status":"closed","ping_status":"closed","template":"","meta":{"footnotes":""},"_links":{"self":[{"href":"https:\/\/opg-hazic.com\/de\/wp-json\/wp\/v2\/pages\/1452"}],"collection":[{"href":"https:\/\/opg-hazic.com\/de\/wp-json\/wp\/v2\/pages"}],"about":[{"href":"https:\/\/opg-hazic.com\/de\/wp-json\/wp\/v2\/types\/page"}],"author":[{"embeddable":true,"href":"https:\/\/opg-hazic.com\/de\/wp-json\/wp\/v2\/users\/1"}],"replies":[{"embeddable":true,"href":"https:\/\/opg-hazic.com\/de\/wp-json\/wp\/v2\/comments?post=1452"}],"version-history":[{"count":6,"href":"https:\/\/opg-hazic.com\/de\/wp-json\/wp\/v2\/pages\/1452\/revisions"}],"predecessor-version":[{"id":2212,"href":"https:\/\/opg-hazic.com\/de\/wp-json\/wp\/v2\/pages\/1452\/revisions\/2212"}],"wp:featuredmedia":[{"embeddable":true,"href":"https:\/\/opg-hazic.com\/de\/wp-json\/wp\/v2\/media\/1179"}],"wp:attachment":[{"href":"https:\/\/opg-hazic.com\/de\/wp-json\/wp\/v2\/media?parent=1452"}],"curies":[{"name":"wp","href":"https:\/\/api.w.org\/{rel}","templated":true}]}}