{"id":1444,"date":"2022-01-21T13:11:04","date_gmt":"2022-01-21T13:11:04","guid":{"rendered":"https:\/\/opg-hazic.com\/weincamp\/"},"modified":"2022-05-12T07:47:31","modified_gmt":"2022-05-12T07:47:31","slug":"weincamp","status":"publish","type":"page","link":"https:\/\/opg-hazic.com\/de\/weincamp\/","title":{"rendered":"Weincamp"},"content":{"rendered":"<p>[vc_row][vc_column][vc_column_text]<\/p>\n<h2>Weincamp<\/h2>\n<p>Wir sind eine Familie, die die N\u00e4he zu unseren G\u00e4sten sch\u00e4tzt. Sie ist in unserem Alltag verk\u00f6rpert und es ist uns wichtig, dass unser Gast, bzw. Freund sie f\u00fchlt, wenn er auf unserem Familiengut ist. Unsere Energie f\u00fcr die Sch\u00f6pfung sowie die Liebe zu unserer Arbeit m\u00f6chten wir mit all jenen teilen, die sowohl Gastfreundschaft als auch Verbundenheit suchen, um uns und das zu akzeptieren, was wir auf unserem landwirtschaftlichen Familiengut anbieten. Unser Familiengut bietet einen Urlaub f\u00fcr K\u00f6rper, Geist und Seele mit dem Geschmack des hausgemachten und einheimischen Essens. Seit kurzem bieten wir die Unterkunft im Weinkamp, in dem man sich in einer gr\u00fcnen Landschaft nicht nur mit vielen Weinreben, sondern auch Linden-, Kastanien- und Kirschb\u00e4ume erholen kann.[\/vc_column_text][vc_empty_space height=&#8220;50px&#8220;]<a href=\"https:\/\/winecamphazic.book.rentl.io\/?from=12-05-2022&amp;to=14-05-2022&amp;adults=1&amp;children=&amp;rooms=1\" title=\"Unterkunft buchen\" class=\"konte-button button-normal text-dark align-inline large   button square\">Unterkunft buchen<\/a>[vc_empty_space height=&#8220;50px&#8220;][\/vc_column][\/vc_row][vc_row][vc_column][vc_gallery type=&#8220;image_grid&#8220; images=&#8220;1917,1926,1923,1920,1952,1958,1961,1964,1967,1972,1978,1981&#8243; img_size=&#8220;medium&#8220;][\/vc_column][\/vc_row][vc_row][vc_column width=&#8220;1\/2&#8243;][vc_single_image image=&#8220;1206&#8243; img_size=&#8220;full&#8220; alignment=&#8220;right&#8220; css_animation=&#8220;slideInUp&#8220;][\/vc_column][vc_column width=&#8220;1\/2&#8243;][vc_single_image image=&#8220;1202&#8243; img_size=&#8220;full&#8220; css_animation=&#8220;slideInDown&#8220;][\/vc_column][\/vc_row][vc_row][vc_column][vc_column_text]<\/p>\n<h3>Die Hauptmerkmale des Wein Camps Ha\u017ei\u0107:<\/h3>\n<p>\u00b7 12 Campingpl\u00e4tze<br \/>\n\u00b7 2 Mobilheimen<br \/>\n\u00b7 Anschluss f\u00fcr Strom, Wasserversorgung, Entsorgung von Grauwasser\/Abwasser und WLAN<br \/>\n\u00b7 Eco-Toilette zum Entleeren von Wohnmobilkassetten<br \/>\n\u00b7 Frauen-, M\u00e4nner- und Kindertoilette, Platz zum Reinigen vom Geschirr<br \/>\n\u00b7 Haustier freundlich<br \/>\n\u00b7 Waschmaschine und Trockner (auf Anfrage und gegen Aufpreis)<br \/>\n\u00b7 Kinderspielplatz<br \/>\n\u00b7 Grillplatz<br \/>\n\u00b7 200 m vom Weinhaus Ha\u017ei\u0107 entfernt<br \/>\n\u00b7 800 m von der Terme Sveti Martin entfernt[\/vc_column_text][\/vc_column][\/vc_row][vc_row][vc_column width=&#8220;1\/2&#8243;][vc_single_image image=&#8220;1215&#8243; img_size=&#8220;full&#8220; alignment=&#8220;right&#8220; css_animation=&#8220;slideInUp&#8220;][\/vc_column][vc_column width=&#8220;1\/2&#8243;][vc_single_image image=&#8220;1212&#8243; img_size=&#8220;full&#8220; css_animation=&#8220;slideInDown&#8220;][\/vc_column][\/vc_row][vc_row][vc_column][vc_column_text]<br \/>\n[\/vc_column_text][\/vc_column][\/vc_row][vc_row][vc_column width=&#8220;1\/2&#8243;][vc_single_image image=&#8220;1219&#8243; img_size=&#8220;full&#8220; alignment=&#8220;right&#8220; css_animation=&#8220;slideInUp&#8220;][\/vc_column][vc_column width=&#8220;1\/2&#8243;][vc_single_image image=&#8220;1222&#8243; img_size=&#8220;full&#8220; css_animation=&#8220;slideInDown&#8220;][\/vc_column][\/vc_row][vc_row][vc_column][vc_empty_space height=&#8220;50px&#8220;][vc_video link=&#8220;https:\/\/www.youtube.com\/watch?v=rbKXFVNcFhQ&#8220; align=&#8220;center&#8220;][\/vc_column][\/vc_row][vc_row][vc_column][vc_column_text]<\/p>\n<h2>Aktivit\u00e4ten in der N\u00e4he<\/h2>\n<p>[\/vc_column_text][\/vc_column][\/vc_row][vc_row][vc_column width=&#8220;1\/3&#8243;][konte_banner text_position=&#8220;under-image&#8220; button_text=&#8220;Finde mehr&#8220; image=&#8220;1848&#8243; tagline=&#8220;Healthness Resort&#8220; link=&#8220;url:https%3A%2F%2Fwww.termesvetimartin.com%2Fen%2Fhomepage%2F&#8220;]Terme Sveti Martin[\/konte_banner][\/vc_column][vc_column width=&#8220;1\/3&#8243;][konte_banner text_position=&#8220;under-image&#8220; button_text=&#8220;Finde mehr&#8220; image=&#8220;1852&#8243; tagline=&#8220;Standpunkt&#8220; link=&#8220;url:https%3A%2F%2Fvinarija-stampar.hr%2Fen%2F&#8220;]Ma\u0111erkin breg &#8211; Weingut \u0160tampar[\/konte_banner][\/vc_column][vc_column width=&#8220;1\/3&#8243;][konte_banner text_position=&#8220;under-image&#8220; button_text=&#8220;Finde mehr&#8220; image=&#8220;1855&#8243; tagline=&#8220;Das n\u00f6rdlichste Touristenziel in Kroatien&#8220; link=&#8220;url:https%3A%2F%2Fvisit.svetimartin.hr&#8220;]M\u00fchle an der Mur &#8211; Besucherzentrum[\/konte_banner][\/vc_column][\/vc_row][vc_row][vc_column][vc_empty_space height=&#8220;55px&#8220;][\/vc_column][\/vc_row][vc_row][vc_column width=&#8220;1\/3&#8243;][konte_banner text_position=&#8220;under-image&#8220; button_text=&#8220;Finde mehr&#8220; image=&#8220;1865&#8243; tagline=&#8220;Museum von Me\u0111imurje \u010cakovec&#8220; link=&#8220;url:https%3A%2F%2Friznica.hr%2F%3Flang%3Dde&#8220;]Schatzkammer von Me\u0111imurje &#8211; Museum[\/konte_banner][\/vc_column][vc_column width=&#8220;1\/3&#8243;][konte_banner text_position=&#8220;under-image&#8220; button_text=&#8220;Finde mehr&#8220; image=&#8220;1862&#8243; tagline=&#8220;Me\u0111imurje Natur&#8220; link=&#8220;url:https%3A%2F%2Fmed-dvemi-vodami.info%2Fde%2F&#8220;]Med dvemi vodami &#8211; Besucherzentrum[\/konte_banner][\/vc_column][vc_column width=&#8220;1\/3&#8243;][konte_banner text_position=&#8220;under-image&#8220; button_text=&#8220;Finde mehr&#8220; image=&#8220;1859&#8243; tagline=&#8220;Me\u0111imurje bus on the move&#8220; link=&#8220;url:https%3A%2F%2Fboje-medimurja.com%2Fmedimurje-hop-on-hop-off%2F%3Flang%3Den&#8220;]Hop-on Hop-off bus[\/konte_banner][\/vc_column][\/vc_row][vc_row][vc_column][vc_empty_space height=&#8220;55px&#8220;][\/vc_column][\/vc_row][vc_row][vc_column width=&#8220;1\/3&#8243;][konte_banner text_position=&#8220;under-image&#8220; button_text=&#8220;Finde mehr&#8220; image=&#8220;1872&#8243; tagline=&#8220;OPG Perho\u010d&#8220; link=&#8220;url:https%3A%2F%2Fopg-perhoc.com%2Findex.html&#8220;]Hirschfarm[\/konte_banner][\/vc_column][vc_column width=&#8220;1\/3&#8243;][konte_banner text_position=&#8220;under-image&#8220; button_text=&#8220;Finde mehr&#8220; image=&#8220;1869&#8243; tagline=&#8220;Weingut&#8220; link=&#8220;url:https%3A%2F%2Fwww.facebook.com%2Fvina.dk.3&#8243;]Weine DK &#8211; Dvanaj\u0161\u010dak Kozol[\/konte_banner][\/vc_column][vc_column width=&#8220;1\/3&#8243;][konte_banner text_position=&#8220;under-image&#8220; button_text=&#8220;Finde mehr&#8220; image=&#8220;1875&#8243; tagline=&#8220;Weinprobe&#8220; link=&#8220;url:https%3A%2F%2Fwww.facebook.com%2Fvinarijakocijan%2F&#8220;]Weingut Kocijan[\/konte_banner][\/vc_column][\/vc_row][vc_row][vc_column][vc_empty_space height=&#8220;55px&#8220;][\/vc_column][\/vc_row][vc_row][vc_column width=&#8220;1\/3&#8243;][konte_banner text_position=&#8220;under-image&#8220; button_text=&#8220;Finde mehr&#8220; image=&#8220;1878&#8243; tagline=&#8220;Restaurant&#8220; link=&#8220;url:https%3A%2F%2Fwww.terbotz.hr&#8220;]Terbotz[\/konte_banner][\/vc_column][vc_column width=&#8220;1\/3&#8243;][\/vc_column][vc_column width=&#8220;1\/3&#8243;][\/vc_column][\/vc_row]<\/p>\n","protected":false},"excerpt":{"rendered":"<p>M\u00f6chten Sie eine Unterkunft im Herzen der Natur? Entdecken Sie unser Weincamp, das Ihnen genau das bietet.<\/p>\n","protected":false},"author":1,"featured_media":1762,"parent":0,"menu_order":0,"comment_status":"closed","ping_status":"closed","template":"","meta":{"footnotes":""},"_links":{"self":[{"href":"https:\/\/opg-hazic.com\/de\/wp-json\/wp\/v2\/pages\/1444"}],"collection":[{"href":"https:\/\/opg-hazic.com\/de\/wp-json\/wp\/v2\/pages"}],"about":[{"href":"https:\/\/opg-hazic.com\/de\/wp-json\/wp\/v2\/types\/page"}],"author":[{"embeddable":true,"href":"https:\/\/opg-hazic.com\/de\/wp-json\/wp\/v2\/users\/1"}],"replies":[{"embeddable":true,"href":"https:\/\/opg-hazic.com\/de\/wp-json\/wp\/v2\/comments?post=1444"}],"version-history":[{"count":24,"href":"https:\/\/opg-hazic.com\/de\/wp-json\/wp\/v2\/pages\/1444\/revisions"}],"predecessor-version":[{"id":2086,"href":"https:\/\/opg-hazic.com\/de\/wp-json\/wp\/v2\/pages\/1444\/revisions\/2086"}],"wp:featuredmedia":[{"embeddable":true,"href":"https:\/\/opg-hazic.com\/de\/wp-json\/wp\/v2\/media\/1762"}],"wp:attachment":[{"href":"https:\/\/opg-hazic.com\/de\/wp-json\/wp\/v2\/media?parent=1444"}],"curies":[{"name":"wp","href":"https:\/\/api.w.org\/{rel}","templated":true}]}}