{"id":1436,"date":"2022-01-21T13:06:34","date_gmt":"2022-01-21T13:06:34","guid":{"rendered":"https:\/\/opg-hazic.com\/obstanbau\/"},"modified":"2022-09-12T07:53:43","modified_gmt":"2022-09-12T07:53:43","slug":"obstanbau","status":"publish","type":"page","link":"https:\/\/opg-hazic.com\/de\/obstanbau\/","title":{"rendered":"Obstanbau"},"content":{"rendered":"<p>[vc_row css=&#8220;.vc_custom_1642670757482{margin-top: 0px !important;padding-top: 0px !important;}&#8220;][vc_column][vc_column_text]<\/p>\n<h2>Obstanbau<\/h2>\n<p>In unserem Region wir sind bekannt f\u00fcr Apfel Produktion und ihren hochwertigen und organoleptischen Merkmals, wof\u00fcr sie sehr wollte sind. Zwischen 18.000 Apfelb\u00e4ume im Angebot find man Idared, Granny Smith, Jonagold und Golden Delicious Apfelsorten. Ein Teil der \u00c4pfel ist in Apfelsaft, Apfelchips oder Apfelessig herstellt, aber es gibt auch frische \u00c4pfel die f\u00fcr sofortiger Verzehr auf unserem Landwirtschaft. Die \u00c4pfel haben ihre Saisonalit\u00e4t, aber auf unserem Landwirtschaft es ist m\u00f6glich von Mitte September bis Mitte Juni sie zu beschaffen, da sie in einen Gefrierschrank best\u00fcckt sind. Die Saften die wir aus unseren \u00c4pfel produzieren sind immer frisch mit h\u00f6chste Ern\u00e4hrungsqualit\u00e4t, ohne zugesetzter Zucker und Zusatzstoffe. Wenn ihr unsere Landwirtschaft besucht, schauen wir euch gerne unsere Verarbeitungsanlage in deren wir machen aus unseren \u00c4pfel, aber auch aus \u00c4pfel von den anderen, Verarbeitung Bedienung. Auf Nachfrage verarbeiten wir \u00c4pfel, Apfelbeeren, Birnen und andere Obst. .[\/vc_column_text][\/vc_column][\/vc_row][vc_row][vc_column width=&#8220;2\/3&#8243;][vc_single_image image=&#8220;1152&#8243; img_size=&#8220;full&#8220; alignment=&#8220;right&#8220; css_animation=&#8220;slideInLeft&#8220;][\/vc_column][vc_column width=&#8220;1\/3&#8243;][vc_single_image image=&#8220;1155&#8243; img_size=&#8220;full&#8220; css_animation=&#8220;slideInRight&#8220; css=&#8220;.vc_custom_1642673001906{padding-top: 30px !important;}&#8220;][\/vc_column][\/vc_row][vc_row][vc_column width=&#8220;1\/2&#8243;][vc_single_image image=&#8220;1158&#8243; img_size=&#8220;full&#8220; alignment=&#8220;right&#8220; css_animation=&#8220;slideInUp&#8220;][\/vc_column][vc_column width=&#8220;1\/2&#8243;][vc_single_image image=&#8220;1161&#8243; img_size=&#8220;full&#8220; css_animation=&#8220;slideInDown&#8220;][\/vc_column][\/vc_row][vc_row][vc_column][vc_single_image image=&#8220;1164&#8243; img_size=&#8220;full&#8220; alignment=&#8220;center&#8220; css_animation=&#8220;slideInUp&#8220;][\/vc_column][\/vc_row]<\/p>\n","protected":false},"excerpt":{"rendered":"<p>In dem Herzen Obber-Medjimurjes, vor genau 30 Jahre, wurde eine Geschichte begann.<\/p>\n","protected":false},"author":1,"featured_media":2161,"parent":0,"menu_order":0,"comment_status":"closed","ping_status":"closed","template":"","meta":{"footnotes":""},"_links":{"self":[{"href":"https:\/\/opg-hazic.com\/de\/wp-json\/wp\/v2\/pages\/1436"}],"collection":[{"href":"https:\/\/opg-hazic.com\/de\/wp-json\/wp\/v2\/pages"}],"about":[{"href":"https:\/\/opg-hazic.com\/de\/wp-json\/wp\/v2\/types\/page"}],"author":[{"embeddable":true,"href":"https:\/\/opg-hazic.com\/de\/wp-json\/wp\/v2\/users\/1"}],"replies":[{"embeddable":true,"href":"https:\/\/opg-hazic.com\/de\/wp-json\/wp\/v2\/comments?post=1436"}],"version-history":[{"count":10,"href":"https:\/\/opg-hazic.com\/de\/wp-json\/wp\/v2\/pages\/1436\/revisions"}],"predecessor-version":[{"id":2177,"href":"https:\/\/opg-hazic.com\/de\/wp-json\/wp\/v2\/pages\/1436\/revisions\/2177"}],"wp:featuredmedia":[{"embeddable":true,"href":"https:\/\/opg-hazic.com\/de\/wp-json\/wp\/v2\/media\/2161"}],"wp:attachment":[{"href":"https:\/\/opg-hazic.com\/de\/wp-json\/wp\/v2\/media?parent=1436"}],"curies":[{"name":"wp","href":"https:\/\/api.w.org\/{rel}","templated":true}]}}