{"id":1411,"date":"2022-01-21T12:55:48","date_gmt":"2022-01-21T12:55:48","guid":{"rendered":"https:\/\/opg-hazic.com\/bestellung-und-zahlung\/"},"modified":"2022-02-01T13:12:20","modified_gmt":"2022-02-01T13:12:20","slug":"bestellung-und-zahlung","status":"publish","type":"page","link":"https:\/\/opg-hazic.com\/de\/bestellung-und-zahlung\/","title":{"rendered":"Bestellung und Zahlung"},"content":{"rendered":"<p>[vc_row][vc_column][vc_column_text]<strong>Bestellung<\/strong><br \/>\nAuf unserer Website k\u00f6nnen Sie auf einen beliebigen Artikel klicken, Mengen \u00e4ndern,den in den Warenkorb legen und dann, wenn Sie bereit sind, Artikel in Ihrem Warenkorb anzeigen und kaufen.<\/p>\n<p><strong>Abschlisung der Bestellung<\/strong><br \/>\nSobald Sie die Bestellung abgeschlossen haben, erhalten Sie sofort die Bestellnummer. Wir senden Ihnen eine Best\u00e4tigungs-E-Mail mit den vollst\u00e4ndigen Details Ihrer Bestellung.<\/p>\n<p><strong>Zahlung Optionen<\/strong><br \/>\nDie Zahlung erfolgt wahlweise per Sofortuberweisung.<br \/>\nBei Auswahl der Zahlungsart Sofortuberweisung nennen wir Ihnen unsere Bankverbindung in der Auftragsbest\u00e4tigung und liefern die Ware nach Zahlungseingang.<\/p>\n<p>Bis zur vollst\u00e4ndigen Zahlung bleibt die Ware unser Eigentum.<\/p>\n<p>Alle Zahlungen erfolgen in HRK-W\u00e4hrung (HRK). Bitte beachten Sie, dass bei Verwendung von Zahlungsmethoden au\u00dferhalb dieser W\u00e4hrung m\u00f6glicherweise eine separate Geb\u00fchr von Ihrer Bank \/ Ihrem Kartenanbieter f\u00fcr die Umrechnung der W\u00e4hrung erhoben wird.<br \/>\nDie Zahlung wird zum Zeitpunkt der Bestellung (in HRK) bearbeitet.<\/p>\n<p>Wenn Ihre Zahlung (teilweise \/ vollst\u00e4ndig) zur\u00fcckerstattet wird, erhalten Sie m\u00f6glicherweise nicht den vollen Betrag Ihrer Bestellung (oder mehr als den Gesamtbetrag), um \u00c4nderungen der W\u00e4hrungswerte vom Zeitpunkt der Bestellung bis zum Zeitpunkt der R\u00fcckerstattung der Bestellung widerzuspiegeln .[\/vc_column_text][\/vc_column][\/vc_row]<\/p>\n","protected":false},"excerpt":{"rendered":"<p>[vc_row][vc_column][vc_column_text]Bestellung Auf unserer Website k\u00f6nnen Sie auf einen beliebigen Artikel klicken, Mengen \u00e4ndern,den in den Warenkorb legen und dann, wenn Sie bereit sind, Artikel in Ihrem Warenkorb anzeigen und kaufen.&hellip;<\/p>\n","protected":false},"author":3,"featured_media":0,"parent":0,"menu_order":0,"comment_status":"closed","ping_status":"closed","template":"","meta":{"footnotes":""},"_links":{"self":[{"href":"https:\/\/opg-hazic.com\/de\/wp-json\/wp\/v2\/pages\/1411"}],"collection":[{"href":"https:\/\/opg-hazic.com\/de\/wp-json\/wp\/v2\/pages"}],"about":[{"href":"https:\/\/opg-hazic.com\/de\/wp-json\/wp\/v2\/types\/page"}],"author":[{"embeddable":true,"href":"https:\/\/opg-hazic.com\/de\/wp-json\/wp\/v2\/users\/3"}],"replies":[{"embeddable":true,"href":"https:\/\/opg-hazic.com\/de\/wp-json\/wp\/v2\/comments?post=1411"}],"version-history":[{"count":4,"href":"https:\/\/opg-hazic.com\/de\/wp-json\/wp\/v2\/pages\/1411\/revisions"}],"predecessor-version":[{"id":1635,"href":"https:\/\/opg-hazic.com\/de\/wp-json\/wp\/v2\/pages\/1411\/revisions\/1635"}],"wp:attachment":[{"href":"https:\/\/opg-hazic.com\/de\/wp-json\/wp\/v2\/media?parent=1411"}],"curies":[{"name":"wp","href":"https:\/\/api.w.org\/{rel}","templated":true}]}}