{"id":1386,"date":"2022-01-21T12:31:54","date_gmt":"2022-01-21T12:31:54","guid":{"rendered":"https:\/\/opg-hazic.com\/?page_id=1386"},"modified":"2022-09-12T09:02:46","modified_gmt":"2022-09-12T09:02:46","slug":"versand-und-rucksendung","status":"publish","type":"page","link":"https:\/\/opg-hazic.com\/de\/versand-und-rucksendung\/","title":{"rendered":"Versand und R\u00fccksendung"},"content":{"rendered":"<p>[vc_row][vc_column][vc_column_text]<\/p>\n<h2>Versand und R\u00fccksendung<\/h2>\n<p><strong>Lieferung<\/strong><br \/>\nWir sind stolz darauf, Ihre Bestellungen schnell und effizient zu bearbeiten.<br \/>\nDie meisten Bestellungen werden innerhalb von 48 Stunden nach Eingang versandt. Die Bearbeitung einiger Bestellungen kann jedoch bis zu 72 Stunden dauern. Sollten unvorhergesehene Verz\u00f6gerungen auftreten, werden Sie innerhalb von 48 Stunden nach Ihrer Bestellung benachrichtigt.<\/p>\n<p><strong>Versandart, Zeit und Kosten<\/strong><\/p>\n<p>Kroatien, Standard Lieferung (DPD)<br \/>\nBis zu 3-5 Werktage<br \/>\n75 kuna (9,95\u20ac) pro Paket bis 30 kg. F\u00fcr Lieferung auf die Insel, Zuschlag zus\u00e4tzlich 35 kn (4,69\u20ac)<\/p>\n<p>* Bitte beachten Sie: Bestellungen, die am Freitag nach 12 Uhr eingehen, werden am n\u00e4chsten Werktag bearbeitet. Bestellungen werden daher am Montag bearbeitet \/ versandt.<br \/>\n** Bestellungen, die am Freitag vor 12 Uhr eingehen, werden am selben Tag bearbeitet (au\u00dfer an Feiertagen).<\/p>\n<p><strong>Wann wird meine Bestellung verschickt?<\/strong><br \/>\nObwohl wir alle angemessenen Mittel einsetzen, um sicherzustellen, dass Ihre Bestellung innerhalb eines bestimmten Zeitraums geliefert wird, k\u00f6nnen wir aufgrund von Umst\u00e4nden, die au\u00dferhalb unserer Kontrolle liegen, keine Verantwortung f\u00fcr versp\u00e4tete Lieferungen \u00fcbernehmen. Wir werden Sie \u00fcber unerwartete Verz\u00f6gerungen informieren.<\/p>\n<p><strong>Was ist, wenn ich nicht zu Hause bin, wenn sie liefern?<\/strong><br \/>\nWir empfehlen Ihnen, eine Lieferadresse zu verwenden, unter der jemand die Lieferung erhalten und unterschreiben kann. F\u00fcr viele unserer Kunden kann dies eine Arbeitsadresse sein. Wenn Sie jedoch nicht da sind, hinterl\u00e4sst der Lieferservice normalerweise eine Karte mit dem Titel \u201eWir haben vorbeigeschaut\u201c. Sie k\u00f6nnen dann in einem Depot abholen oder die Lieferung f\u00fcr eine f\u00fcr Sie passende Zeit neu arrangieren.<\/p>\n<p>OPG HA\u017dI\u0106 \u00fcbernimmt keine Haftung f\u00fcr Lieferanweisungen, die der Kunde an das Lieferunternehmen erteilt. Wenn Sie Anweisungen hinterlassen, wonach ein Paket an einem anderen Ort abgegeben werden soll, den Sie als \u201esicheren Ort\u201c betrachten, z. B. im Schuppen, in der Garage oder bei einem Nachbarn, k\u00f6nnen wir keine Verantwortung \u00fcbernehmen, wenn Sie Ihr Paket nicht erhalten.<\/p>\n<p>Wenn Artikel vom Kurier \/ Postdienst f\u00fcr Sie nicht zugestellt werden k\u00f6nnen, werden diese Bestellungen f\u00fcr einen festgelegten Zeitraum (je nach Unternehmen unterschiedlich) aufbewahrt, den Sie abholen k\u00f6nnen. Wenn nicht abgeholte Artikel diese Grenze \u00fcberschreiten, werden sie als Absender an uns zur\u00fcckgesandt. Alle Artikel werden automatisch erstattet und wieder auf Lager gebracht. Sie werden nach der Bearbeitung per E-Mail \u00fcber die R\u00fcckerstattung informiert.<\/p>\n<p><strong>BESCHWERDE<\/strong><br \/>\nUnsere Retoure-Zeit dauert 3 Tage. Wenn seit Ihrem Kauf 3 Tage vergangen sind, k\u00f6nnen wir Ihnen leider keine R\u00fcckerstattung oder Umtausch anbieten.<\/p>\n<p>Um f\u00fcr eine R\u00fccksendung berechtigt zu sein, muss Ihr Artikel unbenutzt sein und sich in dem Zustand befinden, in dem Sie ihn erhalten haben. Es muss auch in der Originalverpackung sein.<\/p>\n<p>Um Ihre R\u00fccksendung abzuschlie\u00dfen, ben\u00f6tigen wir eine Quittung oder einen Kaufbeleg.<br \/>\nSie tragen die unmittelbaren Kosten der R\u00fccksendung der Waren.<\/p>\n<p><strong>R\u00fcckerstattungen<\/strong><br \/>\nWenn Sie mit den erhaltenen Artikeln nicht vollst\u00e4ndig zufrieden sind, k\u00f6nnen Sie die Artikel innerhalb von 3 Tagen nach Erhalt an uns zur\u00fccksenden, sofern sie sich im Originalzustand mit intakten Tags befinden. Sobald die Artikel zur\u00fcckgegeben wurden, haben Sie Anspruch auf eine R\u00fcckerstattung. F\u00fcr Artikel, die nach dieser Zeit zur\u00fcckgegeben werden, behalten wir uns das Recht vor, eine Gutschrift auszustellen oder die Artikel an Sie zur\u00fcckzusenden.<\/p>\n<p>Wir k\u00f6nnen keine Artikel zur\u00fcckerstatten, die anscheinend abgenutzt, gewaschen, nicht im Originalzustand sind oder deren Etiketten entfernt wurden.<\/p>\n<p>Wenn Sie sich f\u00fcr die R\u00fccksendung Ihrer Artikel entscheiden, bem\u00fchen wir uns, Ihre R\u00fccksendung innerhalb von 15 Tagen nach Erhalt zu bearbeiten.<\/p>\n<p>Bitte senden Sie Ihre Artikel \u00fcber einen registrierten Lieferservice (f\u00fcr Ihre eigene Versicherung) zur\u00fcck, an die folgende Adresse:<br \/>\nOPG TATJANA HA\u017dI\u0106<br \/>\nJurov\u010dak 72<br \/>\n40313 Sveti Martin na Muri<br \/>\nCroatia[\/vc_column_text][\/vc_column][\/vc_row]<\/p>\n","protected":false},"excerpt":{"rendered":"<p>[vc_row][vc_column][vc_column_text] Versand und R\u00fccksendung Lieferung Wir sind stolz darauf, Ihre Bestellungen schnell und effizient zu bearbeiten. Die meisten Bestellungen werden innerhalb von 48 Stunden nach Eingang versandt. Die Bearbeitung einiger&hellip;<\/p>\n","protected":false},"author":3,"featured_media":0,"parent":0,"menu_order":0,"comment_status":"closed","ping_status":"closed","template":"","meta":{"footnotes":""},"_links":{"self":[{"href":"https:\/\/opg-hazic.com\/de\/wp-json\/wp\/v2\/pages\/1386"}],"collection":[{"href":"https:\/\/opg-hazic.com\/de\/wp-json\/wp\/v2\/pages"}],"about":[{"href":"https:\/\/opg-hazic.com\/de\/wp-json\/wp\/v2\/types\/page"}],"author":[{"embeddable":true,"href":"https:\/\/opg-hazic.com\/de\/wp-json\/wp\/v2\/users\/3"}],"replies":[{"embeddable":true,"href":"https:\/\/opg-hazic.com\/de\/wp-json\/wp\/v2\/comments?post=1386"}],"version-history":[{"count":7,"href":"https:\/\/opg-hazic.com\/de\/wp-json\/wp\/v2\/pages\/1386\/revisions"}],"predecessor-version":[{"id":2224,"href":"https:\/\/opg-hazic.com\/de\/wp-json\/wp\/v2\/pages\/1386\/revisions\/2224"}],"wp:attachment":[{"href":"https:\/\/opg-hazic.com\/de\/wp-json\/wp\/v2\/media?parent=1386"}],"curies":[{"name":"wp","href":"https:\/\/api.w.org\/{rel}","templated":true}]}}